{"id":90,"date":"2020-01-05T10:39:27","date_gmt":"2020-01-05T10:39:27","guid":{"rendered":"https:\/\/ingelabostrom.se\/?page_id=90"},"modified":"2026-05-11T06:53:59","modified_gmt":"2026-05-11T06:53:59","slug":"djurkommunikation","status":"publish","type":"page","link":"https:\/\/ingelabostrom.se\/?page_id=90","title":{"rendered":"Djurkontakt"},"content":{"rendered":"\n<p>Vi kan kommunicera med djuren genom telepati, de f\u00f6rmedlar bl a genom k\u00e4nslor, bilder och tankar. Ett djur som k\u00e4nner sig lyssnad p\u00e5 blir v\u00e4ldigt tacksam och brukar oftast bli v\u00e4ldigt harmonisk efter\u00e5t. B\u00e4r djuret p\u00e5 sorgliga minnen, n\u00e4r de f\u00e5r belysa minnena som sitter i kroppen kan de l\u00e4ttare l\u00e4ka.<\/p>\n\n\n\n<p>Jag b\u00e4r inte ansvar som tolk att be djuret f\u00f6r\u00e4ndra ett visst beteende, d\u00e4remot f\u00f6rmedlar jag det djuret vill s\u00e4ga om beteendet s\u00e5 en f\u00f6rst\u00e5else kan \u00e4ga rum och p\u00e5 s\u00e5 vis skapa medvetenhet till f\u00f6r\u00e4ndring.<br>Det i sin tur ger oftast en djupare relation mellan djur och m\u00e4nniska. Bara av att beteendet blivit belyst och lyssnats p\u00e5 kan det ske f\u00f6r\u00e4ndring.<\/p>\n\n\n\n<p>Jag tar alltid kontakt p\u00e5 ett \u00f6dmjukt s\u00e4tt och fr\u00e5gar alltid om djuret vill samtala med mig. Ibland vill dom inte, ibland beh\u00f6ver jag avvakta men oftast g\u00e5r det bra. Av v\u00e4rme och respekt till djuren l\u00e5ter jag djuret f\u00e5 s\u00e4ga vad han\/hon vill ber\u00e4tta f\u00f6rst. Ibland vill inte djuret svara p\u00e5 fr\u00e5gor d\u00e5 han\/hon har s\u00e5 mycket annat att f\u00f6rmedla. Vissa djur har massor att ber\u00e4tta medan vissa ber\u00e4ttar v\u00e4ldigt lite.<\/p>\n\n\n\n<p>Jag tar kontakt med djur p\u00e5 distans. Inf\u00f6r samtalet beh\u00f6ver jag foto d\u00e4r \u00f6gonen syns tydligt, djurets namn, k\u00f6n, \u00e5lder och hur l\u00e4nge djuret varit i din \u00e4go. Samt fr\u00e5gor som du vill att jag tar med i samtalet. (ingen garanti att f\u00e5 svar, det \u00e4r upp till djuret) Efter samtalet med djuret kontaktar jag dig via sms s\u00e5 vi kan avtala en telefontid d\u00e4r du f\u00e5r \u00e5terkoppling.<br>Jag samtalar endast med djur som har \u00e4garens till\u00e5telse om det inte \u00e4r ditt eget djur av etik och moral.<\/p>\n\n\n\n<p>Om ditt djur \u00e4r i behov av healing har vi kommit \u00f6verens om det innan och d\u00e5 ger jag vid behov. Ett sjukt djur beh\u00f6ver alltid komma till en veterin\u00e4r.<\/p>\n\n\n\n<p>Djursamtal distans 950 kr<\/p>\n\n\n\n<p>\u00c4r du intresserad av att l\u00e4ra dig att kommunicera med djur? L\u00e4s mer<a href=\"https:\/\/ingelabostrom.se\/?page_id=322\"> H\u00c4R!<\/a><\/p>\n\n\n<div class=\"wp-block-image\">\n<figure class=\"aligncenter is-resized\"><img decoding=\"async\" loading=\"lazy\" width=\"768\" height=\"1024\" src=\"https:\/\/ingelabostrom.se\/wp-content\/uploads\/2020\/01\/IMG_4900-768x1024.jpg\" alt=\"\" class=\"wp-image-91\" style=\"width:486px;height:648px\" srcset=\"https:\/\/ingelabostrom.se\/wp-content\/uploads\/2020\/01\/IMG_4900-768x1024.jpg 768w, https:\/\/ingelabostrom.se\/wp-content\/uploads\/2020\/01\/IMG_4900-225x300.jpg 225w\" sizes=\"(max-width: 768px) 100vw, 768px\" \/><\/figure><\/div>\n\n\n<p><strong>Omd\u00f6men:<\/strong><\/p>\n\n\n\n<p><em>&#8221;Mycket bra bem\u00f6tande! Fick ett detaljerat utl\u00e5tande som st\u00e4mde mycket bra och det gav massor! Kan verkligen rekommendera henne.&#8221;<\/em><br>                                                                                          &#8211; Jessica med h\u00e4sten Karin<\/p>\n\n\n\n<p><em>&#8221;Ingelas kommunikation med Chiro var klockren. hon kunde beskriva honom p\u00e5 ett tydligt s\u00e4tt. Jag k\u00e4nde igen honom i allt hon sa. Efter v\u00e5rt samtal har han s\u00f6kt min n\u00e4rhet oftare, n\u00e5got jag tolkat att v\u00e5r kommunikation har \u00f6kat. Jag kan med stort hj\u00e4rta rekommendera Ingela till andra som har behov av att f\u00f6rst\u00e5 sin hund.&#8221;  <\/em>                                               &#8211; Veronica med hunden Chiro<\/p>\n\n\n\n<p><em>&#8221;Allting st\u00e4mmer, jag k\u00e4nner igen honom helt och h\u00e5llet. K\u00e4nns sk\u00f6nt att han landat i sin roll. Ingela f\u00f6rklarar det han k\u00e4nner och s\u00e4ger det p\u00e5 ett s\u00e5 himla fint och \u00f6dmjukt s\u00e4tt.&#8221;  <\/em>                                              &#8211; Benita med hunden Chess<\/p>\n\n\n\n<p><em>&#8221;Hon prickade in v\u00e4ldigt bra p\u00e5 alla saker. Prickade precis i beskrivningen om honom. Detaljerna var s\u00e5 exakt. H\u00e4ftigt hur hon prickar in s\u00e5 exakt utan att k\u00e4nna djuren. Hennes bem\u00f6tande \u00e4r 100 % n\u00e4r det \u00e4r s\u00e5 k\u00e4nslom\u00e4ssigt. Jag rekommenderar henne varmt och v\u00e4ntar ivrigt p\u00e5 vad hon har att s\u00e4ga om mina andra katter!&#8221;<\/em>                                               &#8211; Jenny med avlidne katten Julle<\/p>\n\n\n\n<p><\/p>\n","protected":false},"excerpt":{"rendered":"<div class=\"entry-summary\">\nVi kan kommunicera med djuren genom telepati, de f\u00f6rmedlar bl a genom k\u00e4nslor, bilder och tankar. Ett djur som k\u00e4nner sig lyssnad p\u00e5 blir v\u00e4ldigt tacksam och brukar oftast bli v\u00e4ldigt harmonisk efter\u00e5t. B\u00e4r djuret p\u00e5 sorgliga minnen, n\u00e4r de&hellip;\n<\/div>\n<div class=\"link-more\"><a href=\"https:\/\/ingelabostrom.se\/?page_id=90\" class=\"more-link\">Continue reading<span class=\"screen-reader-text\"> &ldquo;Djurkontakt&rdquo;<\/span>&hellip;<\/a><\/div>\n","protected":false},"author":1,"featured_media":0,"parent":0,"menu_order":0,"comment_status":"closed","ping_status":"closed","template":"","meta":{"footnotes":""},"_links":{"self":[{"href":"https:\/\/ingelabostrom.se\/index.php?rest_route=\/wp\/v2\/pages\/90"}],"collection":[{"href":"https:\/\/ingelabostrom.se\/index.php?rest_route=\/wp\/v2\/pages"}],"about":[{"href":"https:\/\/ingelabostrom.se\/index.php?rest_route=\/wp\/v2\/types\/page"}],"author":[{"embeddable":true,"href":"https:\/\/ingelabostrom.se\/index.php?rest_route=\/wp\/v2\/users\/1"}],"replies":[{"embeddable":true,"href":"https:\/\/ingelabostrom.se\/index.php?rest_route=%2Fwp%2Fv2%2Fcomments&post=90"}],"version-history":[{"count":10,"href":"https:\/\/ingelabostrom.se\/index.php?rest_route=\/wp\/v2\/pages\/90\/revisions"}],"predecessor-version":[{"id":1350,"href":"https:\/\/ingelabostrom.se\/index.php?rest_route=\/wp\/v2\/pages\/90\/revisions\/1350"}],"wp:attachment":[{"href":"https:\/\/ingelabostrom.se\/index.php?rest_route=%2Fwp%2Fv2%2Fmedia&parent=90"}],"curies":[{"name":"wp","href":"https:\/\/api.w.org\/{rel}","templated":true}]}}