{"id":71,"date":"2020-01-04T13:03:30","date_gmt":"2020-01-04T13:03:30","guid":{"rendered":"https:\/\/ingelabostrom.se\/?page_id=71"},"modified":"2025-01-29T11:07:46","modified_gmt":"2025-01-29T11:07:46","slug":"om","status":"publish","type":"page","link":"https:\/\/ingelabostrom.se\/?page_id=71","title":{"rendered":"Om"},"content":{"rendered":"\n<figure class=\"wp-block-gallery has-nested-images columns-default is-cropped wp-block-gallery-1 is-layout-flex wp-block-gallery-is-layout-flex\">\n<figure class=\"wp-block-image size-large is-style-rounded\"><img decoding=\"async\" loading=\"lazy\" width=\"1024\" height=\"682\" data-id=\"749\" src=\"https:\/\/ingelabostrom.se\/wp-content\/uploads\/2024\/02\/Original-Emblah-och-jag-hostfotografering-1024x682.jpg\" alt=\"\" class=\"wp-image-749\" srcset=\"https:\/\/ingelabostrom.se\/wp-content\/uploads\/2024\/02\/Original-Emblah-och-jag-hostfotografering-1024x682.jpg 1024w, https:\/\/ingelabostrom.se\/wp-content\/uploads\/2024\/02\/Original-Emblah-och-jag-hostfotografering-300x200.jpg 300w, https:\/\/ingelabostrom.se\/wp-content\/uploads\/2024\/02\/Original-Emblah-och-jag-hostfotografering-768x512.jpg 768w, https:\/\/ingelabostrom.se\/wp-content\/uploads\/2024\/02\/Original-Emblah-och-jag-hostfotografering-1536x1023.jpg 1536w, https:\/\/ingelabostrom.se\/wp-content\/uploads\/2024\/02\/Original-Emblah-och-jag-hostfotografering.jpg 1920w\" sizes=\"(max-width: 1024px) 100vw, 1024px\" \/><\/figure>\n<\/figure>\n\n\n\n<p><br>Ingela har alltid varit nyfiken p\u00e5 vad livet har att erbjuda och ser att livet \u00e4r till f\u00f6r att levas. <\/p>\n\n\n\n<p>Sen barnsben har den stora passionen f\u00f6r djur tagit naturligt stor del i hennes liv. Hur vi kan connecta med en individ av annan art p\u00e5 ett s\u00e5 djupt plan. Hon \u00e4lskar att se relationen mellan m\u00e4nniskor och djur n\u00e4r den \u00e4r s\u00e5 genuin. D\u00e4r b\u00e5da \u00e4r j\u00e4mlika och f\u00e5r ta plats.<br>Att vi kan \u00f6ka f\u00f6rst\u00e5elsen och samspelet genom hur vi t\u00e4nker, k\u00e4nner och agerar.<\/p>\n\n\n\n<figure class=\"wp-block-image size-large\"><img decoding=\"async\" loading=\"lazy\" width=\"1024\" height=\"768\" src=\"https:\/\/ingelabostrom.se\/wp-content\/uploads\/2024\/02\/thumbnail_IMG_2310-1024x768.jpg\" alt=\"\" class=\"wp-image-751\" srcset=\"https:\/\/ingelabostrom.se\/wp-content\/uploads\/2024\/02\/thumbnail_IMG_2310-1024x768.jpg 1024w, https:\/\/ingelabostrom.se\/wp-content\/uploads\/2024\/02\/thumbnail_IMG_2310-300x225.jpg 300w, https:\/\/ingelabostrom.se\/wp-content\/uploads\/2024\/02\/thumbnail_IMG_2310-768x576.jpg 768w, https:\/\/ingelabostrom.se\/wp-content\/uploads\/2024\/02\/thumbnail_IMG_2310.jpg 1280w\" sizes=\"(max-width: 1024px) 100vw, 1024px\" \/><\/figure>\n\n\n\n<p>Det \u00e4r n\u00e4r vi blir medvetna om v\u00e5ra egna och andras behov som vi kan leva i harmoni utan av bekostnad p\u00e5 n\u00e5gon. Hennes drivkraft och kall \u00e4r ocks\u00e5 att f\u00e5 m\u00e4nniskor att leva fr\u00e5n sin essens. Att \u00f6ka medvetenhet och f\u00f6rst\u00e5else f\u00f6r att d\u00e4refter ta sunda beslut och steg till vad som tj\u00e4nar p\u00e5 djupet! D\u00e4r de \u00e4r \u00e4mnade att vara och skala av filter som blurrar det sanna jaget.<\/p>\n\n\n\n<p>I dagsl\u00e4get lever hon med sin familj i ett lugnt villaomr\u00e5de i Gimo. S\u00e5klart har hon djur, tv\u00e5 finska lapphundar, en katt, en sk\u00f6ldpadda och tre isl\u00e4nningar som \u00e4r inackorderade i ett stall med l\u00f6sdrift d\u00e4r de stortrivs. <\/p>\n\n\n\n<p>Innan hon fann sitt kall provade hon m\u00e5nga v\u00e4gar, h\u00e4r nedan ser du olika utbildningar hon g\u00e5tt genom \u00e5ren. Men det hon fokuserar endast p\u00e5 idag \u00e4r mindsetcoachning via hennes mentorsprogram och samarbetet med hennes h\u00e4star, djurkommunikation och lymfmassage f\u00f6r h\u00e4st.<\/p>\n\n\n\n<p><br><strong>Utbildningar:<\/strong><\/p>\n\n\n\n<p>Diplomerad H\u00e4stmass\u00f6r<br>Diplomerad Equifysioterapeut<br>Lymfmassage p\u00e5 h\u00e4st<br>Diplomerad Ansiktszonterapeut<br>Zonterapi f\u00f6r h\u00e4st (kurs)<br>Kurs Vitalisera mage och tarm med Anna Liden p\u00e5 Eqvital<br>Certifierad Qigonginstrukt\u00f6r,  5 elementen och Power qigong<br>Diplomerad Mindfulness &amp; Meditationscoach<br>Diplomerad Stresscoach<br>Diplomerad Relationscoach<br>Certifierad Livscoach<br>Diplomerad Inre Resancoach<br>Reikihealer (Alla utom teacher)<br>Certifierad Djurkommunikat\u00f6r<br>Diplomerad \u00c4nglahealer<br>Certifierad Spirituellt \u00c4nglamedium<br>Hudv\u00e5rdskonsult<br>Meditationsmentor<br>Pendelutbildning 2 av 2<br>Kurs i Energimedicin med Alberto Villoldo<br>Kurs i Tankens kraft med Joe Dispenza<br>Flertalet kurser i Attraktionslagen<br>Kurser inom Shamanism<br>Kurser inom kinesiologi<br>Kurser i bel\u00f6ningsbaserad h\u00e4sttr\u00e4ning<br>Kurs i h\u00e4stens k\u00e4nslor och signaler<br>Kurs i Emotionskoden med Bradley Nelson<\/p>\n\n\n\n<figure class=\"wp-block-gallery has-nested-images columns-default is-cropped wp-block-gallery-3 is-layout-flex wp-block-gallery-is-layout-flex\">\n<figure class=\"wp-block-image size-large\"><img decoding=\"async\" loading=\"lazy\" width=\"1024\" height=\"768\" data-id=\"73\" src=\"https:\/\/ingelabostrom.se\/wp-content\/uploads\/2020\/01\/IMG_0688-1024x768.jpg\" alt=\"\" class=\"wp-image-73\" srcset=\"https:\/\/ingelabostrom.se\/wp-content\/uploads\/2020\/01\/IMG_0688-1024x768.jpg 1024w, https:\/\/ingelabostrom.se\/wp-content\/uploads\/2020\/01\/IMG_0688-300x225.jpg 300w, https:\/\/ingelabostrom.se\/wp-content\/uploads\/2020\/01\/IMG_0688-768x576.jpg 768w, https:\/\/ingelabostrom.se\/wp-content\/uploads\/2020\/01\/IMG_0688.jpg 2016w\" sizes=\"(max-width: 1024px) 100vw, 1024px\" \/><\/figure>\n\n\n\n<figure class=\"wp-block-image size-large\"><img decoding=\"async\" loading=\"lazy\" width=\"1024\" height=\"576\" data-id=\"74\" src=\"https:\/\/ingelabostrom.se\/wp-content\/uploads\/2020\/01\/IMG_0743-1024x576.png\" alt=\"\" class=\"wp-image-74\" srcset=\"https:\/\/ingelabostrom.se\/wp-content\/uploads\/2020\/01\/IMG_0743-1024x576.png 1024w, https:\/\/ingelabostrom.se\/wp-content\/uploads\/2020\/01\/IMG_0743-300x169.png 300w, https:\/\/ingelabostrom.se\/wp-content\/uploads\/2020\/01\/IMG_0743-768x432.png 768w, https:\/\/ingelabostrom.se\/wp-content\/uploads\/2020\/01\/IMG_0743.png 1280w\" sizes=\"(max-width: 1024px) 100vw, 1024px\" \/><\/figure>\n\n\n\n<figure class=\"wp-block-image size-large\"><img decoding=\"async\" loading=\"lazy\" width=\"748\" height=\"748\" data-id=\"78\" src=\"https:\/\/ingelabostrom.se\/wp-content\/uploads\/2020\/01\/IMG_0428.jpg\" alt=\"\" class=\"wp-image-78\" srcset=\"https:\/\/ingelabostrom.se\/wp-content\/uploads\/2020\/01\/IMG_0428.jpg 748w, https:\/\/ingelabostrom.se\/wp-content\/uploads\/2020\/01\/IMG_0428-150x150.jpg 150w, https:\/\/ingelabostrom.se\/wp-content\/uploads\/2020\/01\/IMG_0428-300x300.jpg 300w\" sizes=\"(max-width: 748px) 100vw, 748px\" \/><\/figure>\n\n\n\n<figure class=\"wp-block-image size-large\"><img decoding=\"async\" loading=\"lazy\" width=\"540\" height=\"960\" data-id=\"80\" src=\"https:\/\/ingelabostrom.se\/wp-content\/uploads\/2020\/01\/IMG_8204-1.jpg\" alt=\"\" class=\"wp-image-80\" srcset=\"https:\/\/ingelabostrom.se\/wp-content\/uploads\/2020\/01\/IMG_8204-1.jpg 540w, https:\/\/ingelabostrom.se\/wp-content\/uploads\/2020\/01\/IMG_8204-1-169x300.jpg 169w\" sizes=\"(max-width: 540px) 100vw, 540px\" \/><\/figure>\n\n\n\n<figure class=\"wp-block-image size-large\"><img decoding=\"async\" loading=\"lazy\" width=\"682\" height=\"1024\" data-id=\"85\" src=\"https:\/\/ingelabostrom.se\/wp-content\/uploads\/2020\/01\/1011-682x1024.jpg\" alt=\"\" class=\"wp-image-85\" srcset=\"https:\/\/ingelabostrom.se\/wp-content\/uploads\/2020\/01\/1011-682x1024.jpg 682w, https:\/\/ingelabostrom.se\/wp-content\/uploads\/2020\/01\/1011-200x300.jpg 200w, https:\/\/ingelabostrom.se\/wp-content\/uploads\/2020\/01\/1011-768x1152.jpg 768w\" sizes=\"(max-width: 682px) 100vw, 682px\" \/><\/figure>\n\n\n\n<figure class=\"wp-block-image size-large\"><img decoding=\"async\" loading=\"lazy\" width=\"1024\" height=\"575\" data-id=\"88\" src=\"https:\/\/ingelabostrom.se\/wp-content\/uploads\/2020\/01\/IMG_9377-1024x575.jpg\" alt=\"\" class=\"wp-image-88\" srcset=\"https:\/\/ingelabostrom.se\/wp-content\/uploads\/2020\/01\/IMG_9377-1024x575.jpg 1024w, https:\/\/ingelabostrom.se\/wp-content\/uploads\/2020\/01\/IMG_9377-300x168.jpg 300w, https:\/\/ingelabostrom.se\/wp-content\/uploads\/2020\/01\/IMG_9377-768x431.jpg 768w, https:\/\/ingelabostrom.se\/wp-content\/uploads\/2020\/01\/IMG_9377.jpg 1920w\" sizes=\"(max-width: 1024px) 100vw, 1024px\" \/><\/figure>\n<\/figure>\n","protected":false},"excerpt":{"rendered":"<div class=\"entry-summary\">\nIngela har alltid varit nyfiken p\u00e5 vad livet har att erbjuda och ser att livet \u00e4r till f\u00f6r att levas. Sen barnsben har den stora passionen f\u00f6r djur tagit naturligt stor del i hennes liv. Hur vi kan connecta med&hellip;\n<\/div>\n<div class=\"link-more\"><a href=\"https:\/\/ingelabostrom.se\/?page_id=71\" class=\"more-link\">Continue reading<span class=\"screen-reader-text\"> &ldquo;Om&rdquo;<\/span>&hellip;<\/a><\/div>\n","protected":false},"author":1,"featured_media":0,"parent":0,"menu_order":0,"comment_status":"closed","ping_status":"closed","template":"","meta":{"footnotes":""},"_links":{"self":[{"href":"https:\/\/ingelabostrom.se\/index.php?rest_route=\/wp\/v2\/pages\/71"}],"collection":[{"href":"https:\/\/ingelabostrom.se\/index.php?rest_route=\/wp\/v2\/pages"}],"about":[{"href":"https:\/\/ingelabostrom.se\/index.php?rest_route=\/wp\/v2\/types\/page"}],"author":[{"embeddable":true,"href":"https:\/\/ingelabostrom.se\/index.php?rest_route=\/wp\/v2\/users\/1"}],"replies":[{"embeddable":true,"href":"https:\/\/ingelabostrom.se\/index.php?rest_route=%2Fwp%2Fv2%2Fcomments&post=71"}],"version-history":[{"count":12,"href":"https:\/\/ingelabostrom.se\/index.php?rest_route=\/wp\/v2\/pages\/71\/revisions"}],"predecessor-version":[{"id":1019,"href":"https:\/\/ingelabostrom.se\/index.php?rest_route=\/wp\/v2\/pages\/71\/revisions\/1019"}],"wp:attachment":[{"href":"https:\/\/ingelabostrom.se\/index.php?rest_route=%2Fwp%2Fv2%2Fmedia&parent=71"}],"curies":[{"name":"wp","href":"https:\/\/api.w.org\/{rel}","templated":true}]}}