{"id":597,"date":"2023-09-24T18:14:30","date_gmt":"2023-09-24T18:14:30","guid":{"rendered":"https:\/\/ingelabostrom.se\/?page_id=597"},"modified":"2026-03-04T13:06:06","modified_gmt":"2026-03-04T13:06:06","slug":"lar-dig-lymfmassara-din-hast","status":"publish","type":"page","link":"https:\/\/ingelabostrom.se\/?page_id=597","title":{"rendered":"Kurs online! L\u00e4r dig lymfmassera din h\u00e4st!"},"content":{"rendered":"\n<figure class=\"wp-block-video\"><video controls src=\"https:\/\/ingelabostrom.se\/wp-content\/uploads\/2025\/01\/IMG_5797.mp4\"><\/video><\/figure>\n\n\n\n<p><em><strong>\u00c4r du nyfiken p\u00e5 vad lymfmassage \u00e4r? Hur det kan hj\u00e4lpa din h\u00e4st? Varf\u00f6r ska du l\u00e4ra dig det?<\/strong><\/em><\/p>\n\n\n\n<p>Vill du jobba med att lymfmassera h\u00e4star hittar du mer info<a href=\"https:\/\/ingelabostrom.se\/?page_id=1006\"> H\u00c4R!<\/a><\/p>\n\n\n\n<p>Lymfsystemet \u00e4r det system som rensar ut bland annat gifter och slaggprodukter fr\u00e5n kroppen och \u00e4r en del av immunf\u00f6rsvaret. Att hj\u00e4lpa sin h\u00e4st n\u00e4r detta system \u00e4r tr\u00f6gt fr\u00e4mjar bland annat sp\u00e4nda muskler, stelhet i leder, h\u00e4star med f\u00e5ng, lymfangit, inflammationer, v\u00e4tskeansamlingar, fettdep\u00e5er, minskar gallor i benen, g\u00f6r huden mer elastisk, ger lyster i p\u00e4lsen, st\u00e4rker immunf\u00f6rsvaret, ger r\u00f6rligare kropp, f\u00f6rb\u00e4ttrar cirkulationen i kroppen och tr\u00f6tthet \u00e4r bara n\u00e5gra f\u00f6rdelar v\u00e4rda att n\u00e4mna.<\/p>\n\n\n\n<p>Det h\u00e4r \u00e4r en kurs d\u00e4r du f\u00e5r p\u00e5 ett enkelt s\u00e4tt l\u00e4ra dig genom text och videor om hur lymfsystemet fungerar och hur du utf\u00f6r lymfmassage p\u00e5 din h\u00e4st, steg f\u00f6r steg och vad som \u00e4r viktigt att t\u00e4nka p\u00e5.<\/p>\n\n\n\n<p><strong>Kursens inneh\u00e5ll:<\/strong><\/p>\n\n\n\n<p>Kursen best\u00e5r av 5 delar med ca 3 lektioner i varje del.<\/p>\n\n\n\n<ul>\n<li>Vad \u00e4r lymfsystemet och hur fungerar det?<\/li>\n\n\n\n<li>Varf\u00f6r lymfmassage? Vad ger det f\u00f6r f\u00f6rdelar?<\/li>\n\n\n\n<li>Vad orsakar ett tr\u00f6gt lymfsystem?<\/li>\n\n\n\n<li>Videos p\u00e5 steg f\u00f6r steg hur du utf\u00f6r en lymfmassage p\u00e5 din h\u00e4st<\/li>\n\n\n\n<li>Bra att t\u00e4nka p\u00e5 vid olika situationer<\/li>\n\n\n\n<li>N\u00e4r \u00e4r det bra att ge en behandling och inte<\/li>\n\n\n\n<li>F\u00f6re och efterbilder <\/li>\n<\/ul>\n\n\n\n<p>Syftet med den h\u00e4r kursen \u00e4r att du ska kunna ge din h\u00e4st lymfmassage p\u00e5 egen hand och inte vara beroende av n\u00e5gon annan. Kanske har du en h\u00e4st som \u00e4r l\u00e4ttf\u00f6dd och beh\u00f6ver underh\u00e5llas, d\u00e5 \u00e4r detta ett bra alternativ, d\u00e5 du kan underh\u00e5lla sj\u00e4lv. (Dock inte ett alternativ ist\u00e4llet f\u00f6r veterin\u00e4rv\u00e5rd om h\u00e4sten \u00e4r i behov av det.)<\/p>\n\n\n\n<p>Pris: JUST NU <strong>990 <\/strong>KR!!!  (ord pris 1800 kr)<br>Swish: <br>1. Swisha till 123 29 33 455 (Ingela Bostr\u00f6m)<br>2. M\u00e4rk betalning &#8221;Lymfh\u00e4st eget bruk&#8221;<br>3. Skicka ett mejl till infoingela@gmail.com<br>&#8221;Lymfmassagekurs h\u00e4st, namn och adress&#8221; (endast till bokf\u00f6ringen) s\u00e5 skickar jag kvitto och uppgifter s\u00e5 du f\u00e5r tillg\u00e5ng till kursen.<\/p>\n\n\n\n<p>(jag ber om urs\u00e4kt att l\u00e4nkarna ser ut som dom g\u00f6r. Min dator och jag kommer inte just nu \u00f6verens&#8230;)<\/p>\n\n\n\n<p><a href=\"https:\/\/ingela.simplero.com\/purchase\/192259-Lar-dig-lymfmassera-din-hast\/special\/t99iXFaTAMR1sZ5MgVUVr4m3\">Kortbetalning<\/a><\/p>\n\n\n\n<p>Vill du f\u00f6lja mig p\u00e5:<br>Instagram: <a href=\"https:\/\/www.instagram.com\/ib.hast\/\">https:\/\/www.instagram.com\/ib.hast\/<\/a><br>Facebook: <a href=\"https:\/\/www.facebook.com\/i.bhastsense\/\">https:\/\/www.facebook.com\/i.bhastsense\/<\/a><\/p>\n\n\n\n<p>Vem \u00e4r jag som skapat kursen?<\/p>\n\n\n\n<p>Jag heter Ingela Bostr\u00f6m och har tre isl\u00e4nningar. Jag utbildade mig till H\u00e4stmass\u00f6r och Equifysioterapeut f\u00f6r h\u00e4st 2021. Har \u00e4ven g\u00e5tt kurs i zonterapi och akupressur f\u00f6r h\u00e4st. Alla utbildningar har jag g\u00e5tt p\u00e5 Axelsons Animal Massage School. Samma \u00e5r som jag blev klar skaffade jag min f\u00f6rsta isl\u00e4nning, (hade welsh cob innan) som visade sig beh\u00f6va hj\u00e4lp med sitt lymffl\u00f6de. Det var startpunkten i min nyfikenhet och f\u00f6rdjupning av just lymfsystemet f\u00f6r h\u00e4st! Lymfmassage ingick i utbildningen som h\u00e4stmass\u00f6r men jag f\u00f6rdjupade mig mer hos Bebe Gransten och fick titeln just h\u00e4stlymfmass\u00f6r 2023. <\/p>\n\n\n\n<p>Numera utbildar jag h\u00e4stlymfmass\u00f6rer och \u00e4lskar att se hur m\u00e5nga h\u00e4star som f\u00e5r hj\u00e4lp!&lt;3<\/p>\n\n\n\n<figure class=\"wp-block-image size-large\"><img decoding=\"async\" loading=\"lazy\" width=\"1024\" height=\"683\" src=\"https:\/\/ingelabostrom.se\/wp-content\/uploads\/2025\/01\/hastarna-o-jag-1024x683.jpg\" alt=\"\" class=\"wp-image-997\" srcset=\"https:\/\/ingelabostrom.se\/wp-content\/uploads\/2025\/01\/hastarna-o-jag-1024x683.jpg 1024w, https:\/\/ingelabostrom.se\/wp-content\/uploads\/2025\/01\/hastarna-o-jag-300x200.jpg 300w, https:\/\/ingelabostrom.se\/wp-content\/uploads\/2025\/01\/hastarna-o-jag-768x512.jpg 768w, https:\/\/ingelabostrom.se\/wp-content\/uploads\/2025\/01\/hastarna-o-jag-1536x1025.jpg 1536w, https:\/\/ingelabostrom.se\/wp-content\/uploads\/2025\/01\/hastarna-o-jag.jpg 1920w\" sizes=\"(max-width: 1024px) 100vw, 1024px\" \/><\/figure>\n","protected":false},"excerpt":{"rendered":"<div class=\"entry-summary\">\n\u00c4r du nyfiken p\u00e5 vad lymfmassage \u00e4r? Hur det kan hj\u00e4lpa din h\u00e4st? Varf\u00f6r ska du l\u00e4ra dig det? Vill du jobba med att lymfmassera h\u00e4star hittar du mer info H\u00c4R! Lymfsystemet \u00e4r det system som rensar ut bland annat&hellip;\n<\/div>\n<div class=\"link-more\"><a href=\"https:\/\/ingelabostrom.se\/?page_id=597\" class=\"more-link\">Continue reading<span class=\"screen-reader-text\"> &ldquo;Kurs online! L\u00e4r dig lymfmassera din h\u00e4st!&rdquo;<\/span>&hellip;<\/a><\/div>\n","protected":false},"author":1,"featured_media":0,"parent":0,"menu_order":0,"comment_status":"closed","ping_status":"closed","template":"","meta":{"footnotes":""},"_links":{"self":[{"href":"https:\/\/ingelabostrom.se\/index.php?rest_route=\/wp\/v2\/pages\/597"}],"collection":[{"href":"https:\/\/ingelabostrom.se\/index.php?rest_route=\/wp\/v2\/pages"}],"about":[{"href":"https:\/\/ingelabostrom.se\/index.php?rest_route=\/wp\/v2\/types\/page"}],"author":[{"embeddable":true,"href":"https:\/\/ingelabostrom.se\/index.php?rest_route=\/wp\/v2\/users\/1"}],"replies":[{"embeddable":true,"href":"https:\/\/ingelabostrom.se\/index.php?rest_route=%2Fwp%2Fv2%2Fcomments&post=597"}],"version-history":[{"count":37,"href":"https:\/\/ingelabostrom.se\/index.php?rest_route=\/wp\/v2\/pages\/597\/revisions"}],"predecessor-version":[{"id":1241,"href":"https:\/\/ingelabostrom.se\/index.php?rest_route=\/wp\/v2\/pages\/597\/revisions\/1241"}],"wp:attachment":[{"href":"https:\/\/ingelabostrom.se\/index.php?rest_route=%2Fwp%2Fv2%2Fmedia&parent=597"}],"curies":[{"name":"wp","href":"https:\/\/api.w.org\/{rel}","templated":true}]}}