{"id":322,"date":"2022-04-15T08:47:54","date_gmt":"2022-04-15T08:47:54","guid":{"rendered":"https:\/\/ingelabostrom.se\/?page_id=322"},"modified":"2026-04-11T13:51:39","modified_gmt":"2026-04-11T13:51:39","slug":"djurkommunikationskurs","status":"publish","type":"page","link":"https:\/\/ingelabostrom.se\/?page_id=322","title":{"rendered":"Djurkommunikationskurs"},"content":{"rendered":"\n<p>\u00c4r du nyfiken p\u00e5 hur djurkommunikation fungerar?<br>Steg 1: F\u00f6r eget bruk <br>Steg 2 + 3 (praktik): F\u00f6r att bli Diplomerad Djurkommunikat\u00f6r<\/p>\n\n\n\n<p>Steg 1: <br>Datum: 25-26 april  -26<br>L\u00f6rdag: 9:30 &#8211; 18:00<br>S\u00f6ndag 9:00 &#8211; 15:00<\/p>\n\n\n\n<p>Steg 2: <br>Datum kommer till h\u00f6sten 2026         <\/p>\n\n\n\n<p>Plats: Skarph\u00e4rad 115, \u00d6sterbybruk. Ca 6 mil norr om Uppsala<\/p>\n\n\n\n<figure class=\"wp-block-image size-large\"><img decoding=\"async\" loading=\"lazy\" width=\"963\" height=\"1024\" src=\"https:\/\/ingelabostrom.se\/wp-content\/uploads\/2024\/03\/thumbnail_IMG_7036-963x1024.jpg\" alt=\"\" class=\"wp-image-809\" srcset=\"https:\/\/ingelabostrom.se\/wp-content\/uploads\/2024\/03\/thumbnail_IMG_7036-963x1024.jpg 963w, https:\/\/ingelabostrom.se\/wp-content\/uploads\/2024\/03\/thumbnail_IMG_7036-282x300.jpg 282w, https:\/\/ingelabostrom.se\/wp-content\/uploads\/2024\/03\/thumbnail_IMG_7036-768x817.jpg 768w, https:\/\/ingelabostrom.se\/wp-content\/uploads\/2024\/03\/thumbnail_IMG_7036.jpg 1170w\" sizes=\"(max-width: 963px) 100vw, 963px\" \/><\/figure>\n\n\n\n<p><strong>Steg 1:<\/strong> <br>Den h\u00e4r helgen \u00e4r riktad till dig som \u00e4r nyb\u00f6rjare, som vill l\u00e4ra dig hur det fungerar f\u00f6r just dig!  Att dela vardagen med djuren och dess kommunikation \u00e4r fantastisk men att f\u00e5 ta del av ett djupare samtal \u00e4r magiskt.<\/p>\n\n\n\n<p>Att v\u00e4cka denna f\u00f6rm\u00e5ga vi har inom oss kan till en b\u00f6rjan k\u00e4nnas utmanande. Hur kan jag lita p\u00e5 att informationen kommer fr\u00e5n djuret? T\u00e4nk om jag inte f\u00e5r in n\u00e5gon information alls? Kan jag? Fr\u00e5gorna kan vara m\u00e5nga. <\/p>\n\n\n\n<p>Det finns flera nyanser att l\u00e4ra sig detta p\u00e5 och under den h\u00e4r helgen delar jag med mig hur jag g\u00f6r. Vi kommer tillsammans steg f\u00f6r steg g\u00f6ra olika \u00f6vningar som rensar ut ev blockeringar s\u00e5 kanalen blir s\u00e5 klar som m\u00f6jligt.<\/p>\n\n\n\n<p>Det \u00e4r begr\u00e4nsat antal platser f\u00f6r att varje deltagare ska f\u00e5 utrymme att uttrycka sig.<\/p>\n\n\n\n<p>Kursinneh\u00e5ll:<\/p>\n\n\n\n<ul>\n<li>Hur kommunicerar djur?<\/li>\n\n\n\n<li>Hur du l\u00e4r dig tala med djur<\/li>\n\n\n\n<li>Meditationer<\/li>\n\n\n\n<li>Intuition <\/li>\n\n\n\n<li>V\u00e5ra inre sinnen<\/li>\n\n\n\n<li>\u00d6vningar som belyser din inre kraft<\/li>\n\n\n\n<li>Tala med djur p\u00e5 distans och p\u00e5 plats<\/li>\n\n\n\n<li>Morgonqigong l\u00f6r och s\u00f6n (endast ca 10 min pass och frivilligt)<\/li>\n\n\n\n<li>Etik och moral &#8211; att t\u00e4nka p\u00e5<\/li>\n<\/ul>\n\n\n\n<p>Egen mat medtages, kylsk\u00e5p och micro finns.<\/p>\n\n\n\n<p><strong>Anm\u00e4lan: till Ingela 073-925 03 69<\/strong><br>Swish: 123 29 33 455, skriv vilken kurs beloppet avser.<\/p>\n\n\n\n<p>Pris: 4400 kr<br>Anm\u00e4lningsavgift 1000 kr, anm\u00e4lan \u00e4r bindande och vid ev avbokning tidigare \u00e4n 7 dagar innan kursstart \u00e5terbetalas beloppet \u00f6ver 1000 kr. (Om du inte har sjukintyg, d\u00e5 \u00e5terbetalas hela beloppet) <\/p>\n\n\n\n<p>VARMT V\u00c4LKOMMEN!<\/p>\n\n\n\n<p>Klicka <a href=\"https:\/\/open.spotify.com\/episode\/6QLnY2Ezbv9YwPC8bYARu8?si=605e6f5dd3ac490d\">H\u00c4R <\/a>om du vill lyssna p\u00e5 ett poddavsnitt d\u00e4r jag medverkar och pratar om djurkommunikation.<\/p>\n\n\n\n<p>Del 1 \u00e4r f\u00f6r eget bruk f\u00f6r att kunna kontakta dina egna och v\u00e4nners djur. <\/p>\n\n\n\n<p><strong>Steg 2:<\/strong><br>F\u00f6r dig som vill utbilda dig till djurkommunikat\u00f6r. <\/p>\n\n\n\n<p>Kursinneh\u00e5ll:<br>Djurhealing<br>Ta kontakt med avlidna djur<br>Meditationer<br>Bortsprungna djur<br>M\u00f6tet med \u00e4gare och djur<br>Etik och moral<br>Morgonqigong (Frivilligt)<\/p>\n\n\n\n<p>Egen mat medtages, kylsk\u00e5p och micro finns.<\/p>\n\n\n\n<p><strong>Anm\u00e4lan: till Ingela 073-925 03 69<\/strong><br>Swish: 123 29 33 455, skriv vilken kurs beloppet avser.<\/p>\n\n\n\n<p>Pris: 4400 kr <br>Anm\u00e4lningsavgift 1000 kr, anm\u00e4lan \u00e4r bindande och vid ev avbokning tidigare \u00e4n 7 dagar innan kursstart \u00e5terbetalas beloppet \u00f6ver 1000 kr. (Om du inte har sjukintyg, d\u00e5 \u00e5terbetalas hela beloppet) <\/p>\n\n\n\n<p>VARMT V\u00c4LKOMMEN!<\/p>\n\n\n\n<p><strong>Steg 3:<\/strong><br>Praktiktimmar. Djursamtal p\u00e5 plats och distans f\u00f6r att bli diplomerad.<\/p>\n\n\n\n<p>Pris: 1500 kr (ej f\u00f6r diplomering utan f\u00f6r coachtiden under praktiken)<\/p>\n\n\n\n<p><strong>Support:<\/strong><br>Jag finns till hands under din utbildning. <\/p>\n\n\n\n<p>H\u00c4R ser du<a href=\"https:\/\/ingela.simplero.com\/page\/697432\"> K\u00d6PVILLKOR<\/a><\/p>\n","protected":false},"excerpt":{"rendered":"<div class=\"entry-summary\">\n\u00c4r du nyfiken p\u00e5 hur djurkommunikation fungerar?Steg 1: F\u00f6r eget bruk Steg 2 + 3 (praktik): F\u00f6r att bli Diplomerad Djurkommunikat\u00f6r Steg 1: Datum: 25-26 april -26L\u00f6rdag: 9:30 &#8211; 18:00S\u00f6ndag 9:00 &#8211; 15:00 Steg 2: Datum kommer till h\u00f6sten 2026&hellip;\n<\/div>\n<div class=\"link-more\"><a href=\"https:\/\/ingelabostrom.se\/?page_id=322\" class=\"more-link\">Continue reading<span class=\"screen-reader-text\"> &ldquo;Djurkommunikationskurs&rdquo;<\/span>&hellip;<\/a><\/div>\n","protected":false},"author":1,"featured_media":0,"parent":0,"menu_order":0,"comment_status":"closed","ping_status":"closed","template":"","meta":{"footnotes":""},"_links":{"self":[{"href":"https:\/\/ingelabostrom.se\/index.php?rest_route=\/wp\/v2\/pages\/322"}],"collection":[{"href":"https:\/\/ingelabostrom.se\/index.php?rest_route=\/wp\/v2\/pages"}],"about":[{"href":"https:\/\/ingelabostrom.se\/index.php?rest_route=\/wp\/v2\/types\/page"}],"author":[{"embeddable":true,"href":"https:\/\/ingelabostrom.se\/index.php?rest_route=\/wp\/v2\/users\/1"}],"replies":[{"embeddable":true,"href":"https:\/\/ingelabostrom.se\/index.php?rest_route=%2Fwp%2Fv2%2Fcomments&post=322"}],"version-history":[{"count":20,"href":"https:\/\/ingelabostrom.se\/index.php?rest_route=\/wp\/v2\/pages\/322\/revisions"}],"predecessor-version":[{"id":1246,"href":"https:\/\/ingelabostrom.se\/index.php?rest_route=\/wp\/v2\/pages\/322\/revisions\/1246"}],"wp:attachment":[{"href":"https:\/\/ingelabostrom.se\/index.php?rest_route=%2Fwp%2Fv2%2Fmedia&parent=322"}],"curies":[{"name":"wp","href":"https:\/\/api.w.org\/{rel}","templated":true}]}}