{"id":237,"date":"2021-09-04T06:53:28","date_gmt":"2021-09-04T06:53:28","guid":{"rendered":"https:\/\/ingelabostrom.se\/?page_id=237"},"modified":"2023-06-16T16:24:34","modified_gmt":"2023-06-16T16:24:34","slug":"friskvardsmassage","status":"publish","type":"page","link":"https:\/\/ingelabostrom.se\/?page_id=237","title":{"rendered":"Friskv\u00e5rdsmassage"},"content":{"rendered":"\n<p><strong><u>Vad kan massage g\u00f6ra f\u00f6r din h\u00e4st?<\/u><\/strong><\/p>\n\n\n\n<ul><li>Blodcirkulationen \u00f6kar<\/li><li>Lymfcirkulationen p\u00e5skyndas<\/li><li>S\u00e4nker blodtrycket<\/li><li>Muskler och senor blir mer elastiska<\/li><li>Ger frisk o glansig h\u00e5rrem<\/li><li>Stimulerar hormonbalansen<\/li><li>Stabiliserar nervsystemet<\/li><li>St\u00e4rker immunf\u00f6rsvaret<\/li><\/ul>\n\n\n\n<figure class=\"wp-block-image size-large\"><img decoding=\"async\" loading=\"lazy\" width=\"750\" height=\"744\" src=\"https:\/\/ingelabostrom.se\/wp-content\/uploads\/2021\/09\/thumbnail_IMG_5031.jpg\" alt=\"\" class=\"wp-image-238\" srcset=\"https:\/\/ingelabostrom.se\/wp-content\/uploads\/2021\/09\/thumbnail_IMG_5031.jpg 750w, https:\/\/ingelabostrom.se\/wp-content\/uploads\/2021\/09\/thumbnail_IMG_5031-300x298.jpg 300w, https:\/\/ingelabostrom.se\/wp-content\/uploads\/2021\/09\/thumbnail_IMG_5031-150x150.jpg 150w\" sizes=\"(max-width: 750px) 100vw, 750px\" \/><figcaption>Jag masserar fina Wars.<\/figcaption><\/figure>\n\n\n\n<p><strong><u>Massage f\u00e5r ej ske:<\/u><\/strong><br>&#8211; Dr\u00e4ktigt sto&nbsp;&nbsp;&nbsp;&nbsp;&nbsp;&nbsp;&nbsp;&nbsp;&nbsp;&nbsp;&nbsp;&nbsp;&nbsp;&nbsp;&nbsp;&nbsp;&nbsp;&nbsp;&nbsp;&nbsp;&nbsp;&nbsp;&nbsp;&nbsp;&nbsp;&nbsp;&nbsp;&nbsp;&nbsp;&nbsp;&nbsp;&nbsp;&nbsp;&nbsp;&nbsp;&nbsp;&nbsp;&nbsp;&nbsp;&nbsp;&nbsp;&nbsp;&nbsp;&nbsp;&nbsp;&nbsp;&nbsp;&nbsp;&nbsp;&nbsp;&nbsp;&nbsp;&nbsp;&nbsp;&nbsp;&nbsp;&nbsp;<br>&#8211; Vid smittsamma sjukdomar&nbsp;&nbsp;&nbsp;&nbsp;&nbsp;&nbsp;&nbsp;&nbsp;&nbsp;&nbsp;&nbsp;&nbsp;&nbsp;&nbsp;&nbsp;&nbsp;&nbsp;&nbsp;&nbsp;&nbsp;&nbsp;&nbsp;&nbsp;&nbsp;&nbsp;&nbsp;&nbsp;&nbsp;&nbsp;<br>&#8211; medicinering&nbsp;&nbsp;&nbsp;&nbsp;&nbsp;&nbsp;&nbsp;&nbsp;&nbsp;&nbsp;&nbsp;&nbsp;&nbsp;&nbsp;&nbsp;&nbsp;&nbsp;&nbsp;&nbsp;&nbsp;&nbsp;&nbsp;&nbsp;&nbsp;&nbsp;&nbsp;&nbsp;&nbsp;&nbsp;&nbsp;&nbsp;&nbsp;&nbsp;&nbsp;&nbsp;&nbsp;&nbsp;&nbsp;&nbsp;&nbsp;&nbsp;&nbsp;&nbsp;&nbsp;&nbsp;&nbsp;&nbsp;&nbsp;&nbsp;&nbsp;&nbsp;&nbsp;&nbsp;&nbsp;&nbsp;<br>&#8211; tidigare \u00e4n 5 dagar efter kiropraktik<br>&#8211; vid feber eller onormal svullnad<br>&#8211; tidigare \u00e4n 2 veckor&nbsp; efter kortisoninjektion<br>&#8211; tidigare \u00e4n 3 veckor efter olika vaccin<br>&#8211; tidigare \u00e4n 1 vecka efter avmaskning<\/p>\n\n\n\n<p>pris: 750 kr<\/p>\n\n\n\n<p><\/p>\n\n\n\n<figure class=\"wp-block-image size-large\"><img decoding=\"async\" loading=\"lazy\" width=\"750\" height=\"741\" src=\"https:\/\/ingelabostrom.se\/wp-content\/uploads\/2021\/09\/thumbnail_IMG_5033.jpg\" alt=\"\" class=\"wp-image-239\" srcset=\"https:\/\/ingelabostrom.se\/wp-content\/uploads\/2021\/09\/thumbnail_IMG_5033.jpg 750w, https:\/\/ingelabostrom.se\/wp-content\/uploads\/2021\/09\/thumbnail_IMG_5033-300x296.jpg 300w\" sizes=\"(max-width: 750px) 100vw, 750px\" \/><figcaption>Jag masserar fina Shirre.<\/figcaption><\/figure>\n","protected":false},"excerpt":{"rendered":"<div class=\"entry-summary\">\nVad kan massage g\u00f6ra f\u00f6r din h\u00e4st? Blodcirkulationen \u00f6kar Lymfcirkulationen p\u00e5skyndas S\u00e4nker blodtrycket Muskler och senor blir mer elastiska Ger frisk o glansig h\u00e5rrem Stimulerar hormonbalansen Stabiliserar nervsystemet St\u00e4rker immunf\u00f6rsvaret Massage f\u00e5r ej ske:&#8211; Dr\u00e4ktigt sto&nbsp;&nbsp;&nbsp;&nbsp;&nbsp;&nbsp;&nbsp;&nbsp;&nbsp;&nbsp;&nbsp;&nbsp;&nbsp;&nbsp;&nbsp;&nbsp;&nbsp;&nbsp;&nbsp;&nbsp;&nbsp;&nbsp;&nbsp;&nbsp;&nbsp;&nbsp;&nbsp;&nbsp;&nbsp;&nbsp;&nbsp;&nbsp;&nbsp;&nbsp;&nbsp;&nbsp;&nbsp;&nbsp;&nbsp;&nbsp;&nbsp;&nbsp;&nbsp;&nbsp;&nbsp;&nbsp;&nbsp;&nbsp;&nbsp;&nbsp;&nbsp;&nbsp;&nbsp;&nbsp;&nbsp;&nbsp;&nbsp;&#8211; Vid smittsamma sjukdomar&nbsp;&nbsp;&nbsp;&nbsp;&nbsp;&nbsp;&nbsp;&nbsp;&nbsp;&nbsp;&nbsp;&nbsp;&nbsp;&nbsp;&nbsp;&nbsp;&nbsp;&nbsp;&nbsp;&nbsp;&nbsp;&nbsp;&nbsp;&nbsp;&nbsp;&nbsp;&nbsp;&nbsp;&nbsp;&#8211; medicinering&nbsp;&nbsp;&nbsp;&nbsp;&nbsp;&nbsp;&nbsp;&nbsp;&nbsp;&nbsp;&nbsp;&nbsp;&nbsp;&nbsp;&nbsp;&nbsp;&nbsp;&nbsp;&nbsp;&nbsp;&nbsp;&nbsp;&nbsp;&nbsp;&nbsp;&nbsp;&nbsp;&nbsp;&nbsp;&nbsp;&nbsp;&nbsp;&nbsp;&nbsp;&nbsp;&nbsp;&nbsp;&nbsp;&nbsp;&nbsp;&nbsp;&nbsp;&nbsp;&nbsp;&nbsp;&nbsp;&nbsp;&nbsp;&nbsp;&nbsp;&nbsp;&nbsp;&nbsp;&nbsp;&nbsp;&#8211;&hellip;\n<\/div>\n<div class=\"link-more\"><a href=\"https:\/\/ingelabostrom.se\/?page_id=237\" class=\"more-link\">Continue reading<span class=\"screen-reader-text\"> &ldquo;Friskv\u00e5rdsmassage&rdquo;<\/span>&hellip;<\/a><\/div>\n","protected":false},"author":1,"featured_media":0,"parent":0,"menu_order":0,"comment_status":"closed","ping_status":"closed","template":"","meta":{"footnotes":""},"_links":{"self":[{"href":"https:\/\/ingelabostrom.se\/index.php?rest_route=\/wp\/v2\/pages\/237"}],"collection":[{"href":"https:\/\/ingelabostrom.se\/index.php?rest_route=\/wp\/v2\/pages"}],"about":[{"href":"https:\/\/ingelabostrom.se\/index.php?rest_route=\/wp\/v2\/types\/page"}],"author":[{"embeddable":true,"href":"https:\/\/ingelabostrom.se\/index.php?rest_route=\/wp\/v2\/users\/1"}],"replies":[{"embeddable":true,"href":"https:\/\/ingelabostrom.se\/index.php?rest_route=%2Fwp%2Fv2%2Fcomments&post=237"}],"version-history":[{"count":5,"href":"https:\/\/ingelabostrom.se\/index.php?rest_route=\/wp\/v2\/pages\/237\/revisions"}],"predecessor-version":[{"id":576,"href":"https:\/\/ingelabostrom.se\/index.php?rest_route=\/wp\/v2\/pages\/237\/revisions\/576"}],"wp:attachment":[{"href":"https:\/\/ingelabostrom.se\/index.php?rest_route=%2Fwp%2Fv2%2Fmedia&parent=237"}],"curies":[{"name":"wp","href":"https:\/\/api.w.org\/{rel}","templated":true}]}}