{"id":234,"date":"2021-09-04T06:46:11","date_gmt":"2021-09-04T06:46:11","guid":{"rendered":"https:\/\/ingelabostrom.se\/?page_id=234"},"modified":"2024-08-15T08:31:52","modified_gmt":"2024-08-15T08:31:52","slug":"hast","status":"publish","type":"page","link":"https:\/\/ingelabostrom.se\/?page_id=234","title":{"rendered":"H\u00e4st"},"content":{"rendered":"\n<p>H\u00e4star \u00e4r min stora passion i livet och idag lever jag min dr\u00f6m att f\u00e5 ha mina h\u00e4star som kollegor! <br>N\u00e4r min f\u00f6rsta h\u00e4st Nesajah, som hade problem med kroppen valde jag att utbilda mig till h\u00e4stmass\u00f6r och equifysioterapeut f\u00f6r att hj\u00e4lpa honom. N\u00e4r jag sedan fick hem min f\u00f6rsta isl\u00e4nning som visade sig ha ett tr\u00f6gt lymfsystem s\u00e5 vidareutbildade jag mig till lymfmass\u00f6r p\u00e5 h\u00e4st, och d\u00e4r fastnade jag!<\/p>\n\n\n\n<p>M\u00f6tet med h\u00e4star och f\u00e5 vara med och ta del av och kunna p\u00e5verka deras v\u00e4lm\u00e5ende \u00e4r genuin gl\u00e4dje f\u00f6r mig. De ger till oss hela tiden och jag \u00e4lskar att f\u00e5 ge tillbaka. &lt;3<\/p>\n\n\n\n<figure class=\"wp-block-image size-large\"><img decoding=\"async\" loading=\"lazy\" width=\"750\" height=\"747\" src=\"https:\/\/ingelabostrom.se\/wp-content\/uploads\/2022\/04\/thumbnail_IMG_5030.jpg\" alt=\"\" class=\"wp-image-340\" srcset=\"https:\/\/ingelabostrom.se\/wp-content\/uploads\/2022\/04\/thumbnail_IMG_5030.jpg 750w, https:\/\/ingelabostrom.se\/wp-content\/uploads\/2022\/04\/thumbnail_IMG_5030-300x300.jpg 300w, https:\/\/ingelabostrom.se\/wp-content\/uploads\/2022\/04\/thumbnail_IMG_5030-150x150.jpg 150w\" sizes=\"(max-width: 750px) 100vw, 750px\" \/><\/figure>\n","protected":false},"excerpt":{"rendered":"<div class=\"entry-summary\">\nH\u00e4star \u00e4r min stora passion i livet och idag lever jag min dr\u00f6m att f\u00e5 ha mina h\u00e4star som kollegor! N\u00e4r min f\u00f6rsta h\u00e4st Nesajah, som hade problem med kroppen valde jag att utbilda mig till h\u00e4stmass\u00f6r och equifysioterapeut f\u00f6r&hellip;\n<\/div>\n<div class=\"link-more\"><a href=\"https:\/\/ingelabostrom.se\/?page_id=234\" class=\"more-link\">Continue reading<span class=\"screen-reader-text\"> &ldquo;H\u00e4st&rdquo;<\/span>&hellip;<\/a><\/div>\n","protected":false},"author":1,"featured_media":0,"parent":0,"menu_order":0,"comment_status":"closed","ping_status":"closed","template":"","meta":{"footnotes":""},"_links":{"self":[{"href":"https:\/\/ingelabostrom.se\/index.php?rest_route=\/wp\/v2\/pages\/234"}],"collection":[{"href":"https:\/\/ingelabostrom.se\/index.php?rest_route=\/wp\/v2\/pages"}],"about":[{"href":"https:\/\/ingelabostrom.se\/index.php?rest_route=\/wp\/v2\/types\/page"}],"author":[{"embeddable":true,"href":"https:\/\/ingelabostrom.se\/index.php?rest_route=\/wp\/v2\/users\/1"}],"replies":[{"embeddable":true,"href":"https:\/\/ingelabostrom.se\/index.php?rest_route=%2Fwp%2Fv2%2Fcomments&post=234"}],"version-history":[{"count":7,"href":"https:\/\/ingelabostrom.se\/index.php?rest_route=\/wp\/v2\/pages\/234\/revisions"}],"predecessor-version":[{"id":922,"href":"https:\/\/ingelabostrom.se\/index.php?rest_route=\/wp\/v2\/pages\/234\/revisions\/922"}],"wp:attachment":[{"href":"https:\/\/ingelabostrom.se\/index.php?rest_route=%2Fwp%2Fv2%2Fmedia&parent=234"}],"curies":[{"name":"wp","href":"https:\/\/api.w.org\/{rel}","templated":true}]}}