{"id":216,"date":"2021-03-29T19:06:21","date_gmt":"2021-03-29T19:06:21","guid":{"rendered":"https:\/\/ingelabostrom.se\/?page_id=216"},"modified":"2022-04-30T07:04:35","modified_gmt":"2022-04-30T07:04:35","slug":"zonterapi-for-hast","status":"publish","type":"page","link":"https:\/\/ingelabostrom.se\/?page_id=216","title":{"rendered":"Zonterapi f\u00f6r h\u00e4st"},"content":{"rendered":"\n<p><strong><u>Vad \u00e4r zonterapi?<\/u><\/strong><br>N\u00e4r obalans uppst\u00e5r i ett organ eller annan kroppsdel blir motsvarande zon k\u00e4nslig f\u00f6r tryck. Zonen bearbetas genom tryck, massage och nopping f\u00f6r att \u00e5terst\u00e4lla balansen.<\/p>\n\n\n\n<p>Zonterapi handlar om att balansera obalanser i kroppen fysiskt, mentalt och k\u00e4nslom\u00e4ssigt. Genom akupressur stimuleras bland annat inre organ, leder, muskler och underl\u00e4ttar och hj\u00e4lper utrensningsorganen, sl\u00e4pper p\u00e5 bindv\u00e4ven och rensar ut slaggprodukter.<\/p>\n\n\n\n<p>F\u00f6rebyggande behandling f\u00f6r en frisk h\u00e4st och balanserande f\u00f6r en h\u00e4st som b\u00e4r med sig erfarenheter.<\/p>\n\n\n\n<figure class=\"wp-block-image size-large\"><img decoding=\"async\" loading=\"lazy\" width=\"750\" height=\"747\" src=\"https:\/\/ingelabostrom.se\/wp-content\/uploads\/2021\/09\/thumbnail_IMG_5034.jpg\" alt=\"\" class=\"wp-image-246\" srcset=\"https:\/\/ingelabostrom.se\/wp-content\/uploads\/2021\/09\/thumbnail_IMG_5034.jpg 750w, https:\/\/ingelabostrom.se\/wp-content\/uploads\/2021\/09\/thumbnail_IMG_5034-300x300.jpg 300w, https:\/\/ingelabostrom.se\/wp-content\/uploads\/2021\/09\/thumbnail_IMG_5034-150x150.jpg 150w\" sizes=\"(max-width: 750px) 100vw, 750px\" \/><\/figure>\n\n\n\n<p><strong><u>Vad g\u00f6r zonterapi f\u00f6r din h\u00e4st?<\/u><\/strong><\/p>\n\n\n\n<ul><li>Stimulerar kroppens sj\u00e4lvl\u00e4kning<\/li><li>Hj\u00e4lper uts\u00f6ndringsorganen<\/li><li>L\u00e4ttar p\u00e5 bindv\u00e4ven och rensar ut slaggprodukter<\/li><li>St\u00e4rker immunf\u00f6rsvaret<\/li><li>S\u00e4nker stress<\/li><li>Ger avslappning<\/li><\/ul>\n\n\n\n<figure class=\"wp-block-gallery columns-3 is-cropped wp-block-gallery-1 is-layout-flex wp-block-gallery-is-layout-flex\"><ul class=\"blocks-gallery-grid\"><li class=\"blocks-gallery-item\"><figure><img decoding=\"async\" loading=\"lazy\" width=\"672\" height=\"842\" src=\"https:\/\/ingelabostrom.se\/wp-content\/uploads\/2021\/03\/thumbnail_IMG_7422.jpg\" alt=\"\" data-id=\"217\" data-link=\"https:\/\/ingelabostrom.se\/?attachment_id=217\" class=\"wp-image-217\" srcset=\"https:\/\/ingelabostrom.se\/wp-content\/uploads\/2021\/03\/thumbnail_IMG_7422.jpg 672w, https:\/\/ingelabostrom.se\/wp-content\/uploads\/2021\/03\/thumbnail_IMG_7422-239x300.jpg 239w\" sizes=\"(max-width: 672px) 100vw, 672px\" \/><\/figure><\/li><li class=\"blocks-gallery-item\"><figure><img decoding=\"async\" loading=\"lazy\" width=\"750\" height=\"876\" src=\"https:\/\/ingelabostrom.se\/wp-content\/uploads\/2021\/03\/thumbnail_IMG_7423.jpg\" alt=\"\" data-id=\"218\" data-link=\"https:\/\/ingelabostrom.se\/?attachment_id=218\" class=\"wp-image-218\" srcset=\"https:\/\/ingelabostrom.se\/wp-content\/uploads\/2021\/03\/thumbnail_IMG_7423.jpg 750w, https:\/\/ingelabostrom.se\/wp-content\/uploads\/2021\/03\/thumbnail_IMG_7423-257x300.jpg 257w\" sizes=\"(max-width: 750px) 100vw, 750px\" \/><\/figure><\/li><li class=\"blocks-gallery-item\"><figure><img decoding=\"async\" loading=\"lazy\" width=\"750\" height=\"778\" src=\"https:\/\/ingelabostrom.se\/wp-content\/uploads\/2021\/03\/thumbnail_IMG_7424.jpg\" alt=\"\" data-id=\"219\" data-link=\"https:\/\/ingelabostrom.se\/?attachment_id=219\" class=\"wp-image-219\" srcset=\"https:\/\/ingelabostrom.se\/wp-content\/uploads\/2021\/03\/thumbnail_IMG_7424.jpg 750w, https:\/\/ingelabostrom.se\/wp-content\/uploads\/2021\/03\/thumbnail_IMG_7424-289x300.jpg 289w\" sizes=\"(max-width: 750px) 100vw, 750px\" \/><\/figure><\/li><li class=\"blocks-gallery-item\"><figure><img decoding=\"async\" loading=\"lazy\" width=\"686\" height=\"1024\" src=\"https:\/\/ingelabostrom.se\/wp-content\/uploads\/2021\/03\/thumbnail_IMG_7425-686x1024.jpg\" alt=\"\" data-id=\"220\" data-link=\"https:\/\/ingelabostrom.se\/?attachment_id=220\" class=\"wp-image-220\" srcset=\"https:\/\/ingelabostrom.se\/wp-content\/uploads\/2021\/03\/thumbnail_IMG_7425-686x1024.jpg 686w, https:\/\/ingelabostrom.se\/wp-content\/uploads\/2021\/03\/thumbnail_IMG_7425-201x300.jpg 201w, https:\/\/ingelabostrom.se\/wp-content\/uploads\/2021\/03\/thumbnail_IMG_7425.jpg 750w\" sizes=\"(max-width: 686px) 100vw, 686px\" \/><\/figure><\/li><li class=\"blocks-gallery-item\"><figure><img decoding=\"async\" loading=\"lazy\" width=\"750\" height=\"1012\" src=\"https:\/\/ingelabostrom.se\/wp-content\/uploads\/2021\/03\/thumbnail_IMG_7426.jpg\" alt=\"\" data-id=\"221\" data-link=\"https:\/\/ingelabostrom.se\/?attachment_id=221\" class=\"wp-image-221\" srcset=\"https:\/\/ingelabostrom.se\/wp-content\/uploads\/2021\/03\/thumbnail_IMG_7426.jpg 750w, https:\/\/ingelabostrom.se\/wp-content\/uploads\/2021\/03\/thumbnail_IMG_7426-222x300.jpg 222w\" sizes=\"(max-width: 750px) 100vw, 750px\" \/><\/figure><\/li><li class=\"blocks-gallery-item\"><figure><img decoding=\"async\" loading=\"lazy\" width=\"750\" height=\"969\" src=\"https:\/\/ingelabostrom.se\/wp-content\/uploads\/2021\/03\/thumbnail_IMG_7427.jpg\" alt=\"\" data-id=\"222\" data-link=\"https:\/\/ingelabostrom.se\/?attachment_id=222\" class=\"wp-image-222\" srcset=\"https:\/\/ingelabostrom.se\/wp-content\/uploads\/2021\/03\/thumbnail_IMG_7427.jpg 750w, https:\/\/ingelabostrom.se\/wp-content\/uploads\/2021\/03\/thumbnail_IMG_7427-232x300.jpg 232w\" sizes=\"(max-width: 750px) 100vw, 750px\" \/><\/figure><\/li><li class=\"blocks-gallery-item\"><figure><img decoding=\"async\" loading=\"lazy\" width=\"750\" height=\"961\" src=\"https:\/\/ingelabostrom.se\/wp-content\/uploads\/2021\/03\/thumbnail_IMG_7429.jpg\" alt=\"\" data-id=\"223\" data-link=\"https:\/\/ingelabostrom.se\/?attachment_id=223\" class=\"wp-image-223\" srcset=\"https:\/\/ingelabostrom.se\/wp-content\/uploads\/2021\/03\/thumbnail_IMG_7429.jpg 750w, https:\/\/ingelabostrom.se\/wp-content\/uploads\/2021\/03\/thumbnail_IMG_7429-234x300.jpg 234w\" sizes=\"(max-width: 750px) 100vw, 750px\" \/><\/figure><\/li><li class=\"blocks-gallery-item\"><figure><img decoding=\"async\" loading=\"lazy\" width=\"627\" height=\"550\" src=\"https:\/\/ingelabostrom.se\/wp-content\/uploads\/2021\/03\/thumbnail_IMG_7428.jpg\" alt=\"\" data-id=\"224\" data-full-url=\"https:\/\/ingelabostrom.se\/wp-content\/uploads\/2021\/03\/thumbnail_IMG_7428.jpg\" data-link=\"https:\/\/ingelabostrom.se\/?attachment_id=224\" class=\"wp-image-224\" srcset=\"https:\/\/ingelabostrom.se\/wp-content\/uploads\/2021\/03\/thumbnail_IMG_7428.jpg 627w, https:\/\/ingelabostrom.se\/wp-content\/uploads\/2021\/03\/thumbnail_IMG_7428-300x263.jpg 300w\" sizes=\"(max-width: 627px) 100vw, 627px\" \/><\/figure><\/li><\/ul><\/figure>\n\n\n\n<p><strong><u>Behandling f\u00e5r ej ske vid:<\/u><\/strong><br>Dr\u00e4ktighet&nbsp;&nbsp;&nbsp;&nbsp;&nbsp;&nbsp;&nbsp;&nbsp;              Metallimplantat<br>Feber&nbsp;&nbsp;&nbsp;&nbsp;&nbsp;&nbsp;&nbsp;&nbsp;&nbsp;&nbsp;&nbsp;&nbsp;&nbsp;&nbsp;&nbsp;&nbsp;&nbsp;              Smittsamma sjukdomar<br>Cancer&nbsp;&nbsp;&nbsp;&nbsp;&nbsp;&nbsp;&nbsp;&nbsp;&nbsp;&nbsp;&nbsp;&nbsp;&nbsp;&nbsp;&nbsp;              Hj\u00e4rtsjukdomar&nbsp;&nbsp;&nbsp;&nbsp;&nbsp; &nbsp;&nbsp;&nbsp;<br>Vaccination&nbsp; (3 veckor efter vaccination g\u00e5r bra)<br>Medicinering<\/p>\n\n\n\n<p>Pris: just nu 600 kr inkl helkroppsmassage (ord pris 800 kr)<\/p>\n\n\n\n<p><\/p>\n","protected":false},"excerpt":{"rendered":"<div class=\"entry-summary\">\nVad \u00e4r zonterapi?N\u00e4r obalans uppst\u00e5r i ett organ eller annan kroppsdel blir motsvarande zon k\u00e4nslig f\u00f6r tryck. Zonen bearbetas genom tryck, massage och nopping f\u00f6r att \u00e5terst\u00e4lla balansen. Zonterapi handlar om att balansera obalanser i kroppen fysiskt, mentalt och k\u00e4nslom\u00e4ssigt.&hellip;\n<\/div>\n<div class=\"link-more\"><a href=\"https:\/\/ingelabostrom.se\/?page_id=216\" class=\"more-link\">Continue reading<span class=\"screen-reader-text\"> &ldquo;Zonterapi f\u00f6r h\u00e4st&rdquo;<\/span>&hellip;<\/a><\/div>\n","protected":false},"author":1,"featured_media":0,"parent":0,"menu_order":0,"comment_status":"closed","ping_status":"closed","template":"","meta":{"footnotes":""},"_links":{"self":[{"href":"https:\/\/ingelabostrom.se\/index.php?rest_route=\/wp\/v2\/pages\/216"}],"collection":[{"href":"https:\/\/ingelabostrom.se\/index.php?rest_route=\/wp\/v2\/pages"}],"about":[{"href":"https:\/\/ingelabostrom.se\/index.php?rest_route=\/wp\/v2\/types\/page"}],"author":[{"embeddable":true,"href":"https:\/\/ingelabostrom.se\/index.php?rest_route=\/wp\/v2\/users\/1"}],"replies":[{"embeddable":true,"href":"https:\/\/ingelabostrom.se\/index.php?rest_route=%2Fwp%2Fv2%2Fcomments&post=216"}],"version-history":[{"count":6,"href":"https:\/\/ingelabostrom.se\/index.php?rest_route=\/wp\/v2\/pages\/216\/revisions"}],"predecessor-version":[{"id":359,"href":"https:\/\/ingelabostrom.se\/index.php?rest_route=\/wp\/v2\/pages\/216\/revisions\/359"}],"wp:attachment":[{"href":"https:\/\/ingelabostrom.se\/index.php?rest_route=%2Fwp%2Fv2%2Fmedia&parent=216"}],"curies":[{"name":"wp","href":"https:\/\/api.w.org\/{rel}","templated":true}]}}