{"id":125,"date":"2020-05-28T20:06:54","date_gmt":"2020-05-28T20:06:54","guid":{"rendered":"https:\/\/ingelabostrom.se\/?page_id=125"},"modified":"2025-02-05T08:31:06","modified_gmt":"2025-02-05T08:31:06","slug":"valkommen","status":"publish","type":"page","link":"https:\/\/ingelabostrom.se\/","title":{"rendered":"Make your mind matter!"},"content":{"rendered":"\t\t<div data-elementor-type=\"wp-page\" data-elementor-id=\"125\" class=\"elementor elementor-125\">\n\t\t\t\t\t\t<div class=\"elementor-inner\">\n\t\t\t\t<div class=\"elementor-section-wrap\">\n\t\t\t\t\t\t\t\t\t<section class=\"elementor-section elementor-top-section elementor-element elementor-element-3937167 elementor-section-content-middle elementor-section-stretched elementor-section-boxed elementor-section-height-default elementor-section-height-default\" data-id=\"3937167\" data-element_type=\"section\" data-settings=\"{&quot;stretch_section&quot;:&quot;section-stretched&quot;}\">\n\t\t\t\t\t\t<div class=\"elementor-container elementor-column-gap-default\">\n\t\t\t\t\t\t\t<div class=\"elementor-row\">\n\t\t\t\t\t<div class=\"elementor-column elementor-col-100 elementor-top-column elementor-element elementor-element-837c0dd\" data-id=\"837c0dd\" data-element_type=\"column\">\n\t\t\t<div class=\"elementor-column-wrap elementor-element-populated\">\n\t\t\t\t\t\t\t<div class=\"elementor-widget-wrap\">\n\t\t\t\t\t\t<div class=\"elementor-element elementor-element-7c7c678 elementor-position-left elementor-vertical-align-top elementor-widget elementor-widget-image-box\" data-id=\"7c7c678\" data-element_type=\"widget\" data-widget_type=\"image-box.default\">\n\t\t\t\t<div class=\"elementor-widget-container\">\n\t\t\t<div class=\"elementor-image-box-wrapper\"><figure class=\"elementor-image-box-img\"><img decoding=\"async\" src=\"https:\/\/ingelabostrom.se\/wp-content\/uploads\/2024\/09\/profilbild-presentation.png\" title=\"profilbild presentation\" alt=\"profilbild presentation\" \/><\/figure><div class=\"elementor-image-box-content\"><h3 class=\"elementor-image-box-title\"><br><br>Du har all kraft, mod och styrka inom dig att lyckas med vad du vill!<br><br>S\u00e5 l\u00e4nge Du vill det och best\u00e4mt dig!<br><br>Ditt sinne \u00e4r nyckeln. V\u00e4cker detta en nyfikenhet i dig och vill veta mer?<br><\/h3><p class=\"elementor-image-box-description\"><b>Titta g\u00e4rna in H\u00c4R om du vill veta mer om mindset eller boka ett kostnadsfritt matchsamtal H\u00c4R s\u00e5 ser vi vad just du st\u00e5r i och om mitt mentorsprogram kan vara n\u00e5t f\u00f6r dig!<\/b><\/p><\/div><\/div>\t\t<\/div>\n\t\t\t\t<\/div>\n\t\t\t\t\t\t<\/div>\n\t\t\t\t\t<\/div>\n\t\t<\/div>\n\t\t\t\t\t\t\t\t<\/div>\n\t\t\t\t\t<\/div>\n\t\t<\/section>\n\t\t\t\t\t\t\t\t\t<\/div>\n\t\t\t<\/div>\n\t\t\t\t\t<\/div>\n\t\t","protected":false},"excerpt":{"rendered":"<div class=\"entry-summary\">\nDu har all kraft, mod och styrka inom dig att lyckas med vad du vill! S\u00e5 l\u00e4nge Du vill det och best\u00e4mt dig! Ditt sinne \u00e4r nyckeln. V\u00e4cker detta en nyfikenhet i dig och vill veta mer? Titta g\u00e4rna in&hellip;\n<\/div>\n<div class=\"link-more\"><a href=\"https:\/\/ingelabostrom.se\/\" class=\"more-link\">Continue reading<span class=\"screen-reader-text\"> &ldquo;Make your mind matter!&rdquo;<\/span>&hellip;<\/a><\/div>\n","protected":false},"author":1,"featured_media":691,"parent":0,"menu_order":0,"comment_status":"closed","ping_status":"closed","template":"","meta":{"footnotes":""},"_links":{"self":[{"href":"https:\/\/ingelabostrom.se\/index.php?rest_route=\/wp\/v2\/pages\/125"}],"collection":[{"href":"https:\/\/ingelabostrom.se\/index.php?rest_route=\/wp\/v2\/pages"}],"about":[{"href":"https:\/\/ingelabostrom.se\/index.php?rest_route=\/wp\/v2\/types\/page"}],"author":[{"embeddable":true,"href":"https:\/\/ingelabostrom.se\/index.php?rest_route=\/wp\/v2\/users\/1"}],"replies":[{"embeddable":true,"href":"https:\/\/ingelabostrom.se\/index.php?rest_route=%2Fwp%2Fv2%2Fcomments&post=125"}],"version-history":[{"count":58,"href":"https:\/\/ingelabostrom.se\/index.php?rest_route=\/wp\/v2\/pages\/125\/revisions"}],"predecessor-version":[{"id":1020,"href":"https:\/\/ingelabostrom.se\/index.php?rest_route=\/wp\/v2\/pages\/125\/revisions\/1020"}],"wp:featuredmedia":[{"embeddable":true,"href":"https:\/\/ingelabostrom.se\/index.php?rest_route=\/wp\/v2\/media\/691"}],"wp:attachment":[{"href":"https:\/\/ingelabostrom.se\/index.php?rest_route=%2Fwp%2Fv2%2Fmedia&parent=125"}],"curies":[{"name":"wp","href":"https:\/\/api.w.org\/{rel}","templated":true}]}}