{"id":103,"date":"2020-01-05T11:30:43","date_gmt":"2020-01-05T11:30:43","guid":{"rendered":"https:\/\/ingelabostrom.se\/?page_id=103"},"modified":"2025-05-08T07:53:57","modified_gmt":"2025-05-08T07:53:57","slug":"coaching","status":"publish","type":"page","link":"https:\/\/ingelabostrom.se\/?page_id=103","title":{"rendered":"In Mind"},"content":{"rendered":"\n<p>K\u00e4nner du att du sitter fast? Du vet inte vad du ska g\u00f6ra, allt du f\u00f6rs\u00f6ker med s\u00e5 \u00e4r det som att n\u00e5n h\u00e5ller dig tillbaka.<\/p>\n\n\n\n<p>Du vill ha mer frihet, b\u00e4ttre relationer, b\u00e4ttre ekonomi, b\u00e4ttre h\u00e4lsa men det k\u00e4nns som att du bara f\u00e5r mer av det du inte vill ha?!<\/p>\n\n\n\n<p>Alla vill vi innerst inne m\u00e5 bra&#8230; Men med utmaningar, olika erfarenheter, uppv\u00e4xt, vad vi blivit l\u00e4rda \u00e4r det \u00e4r inte alltid l\u00e4tt att till\u00e5ta oss sj\u00e4lva att lyssna till oss sj\u00e4lva. V\u00e4rldens brus blir viktigare \u00e4n oss sj\u00e4lva.<\/p>\n\n\n\n<p>Om du vill ha en f\u00f6r\u00e4ndring d\u00e4r du \u00e4r just nu kan coaching vara en metod att prova. Jag coachar i tankens kraft och l\u00e4r ut hur sinnet fungerar. Jag lyssnar in din energi i samtalet och m\u00f6ter dig i det du st\u00e5r i.<\/p>\n\n\n\n<p>Du \u00e4r fantastisk precis som du \u00e4r genom att bara vara du! Livet har sina v\u00e4gar och f\u00e5 bli medveten om vad som p\u00e5g\u00e5r i ditt sinne och att se nya infallsvinklar s\u00e5 du kan f\u00f6r\u00e4ndra till det b\u00e4ttre och sl\u00e4ppa gamla m\u00f6nster.<\/p>\n\n\n\n<p>Har du fr\u00e5gor eller vill boka, skicka ett sms till 073- 925 03 69, s\u00e5 \u00e5terkopplar jag s\u00e5 snart jag f\u00e5r m\u00f6jlighet. <\/p>\n\n\n\n<p>Coachingsamtal 1 h, 1500kr<\/p>\n\n\n\n<figure class=\"wp-block-image size-large\"><img decoding=\"async\" loading=\"lazy\" width=\"1024\" height=\"749\" src=\"https:\/\/ingelabostrom.se\/wp-content\/uploads\/2021\/02\/IMG_5246-1024x749.jpg\" alt=\"\" class=\"wp-image-192\" srcset=\"https:\/\/ingelabostrom.se\/wp-content\/uploads\/2021\/02\/IMG_5246-1024x749.jpg 1024w, https:\/\/ingelabostrom.se\/wp-content\/uploads\/2021\/02\/IMG_5246-300x219.jpg 300w, https:\/\/ingelabostrom.se\/wp-content\/uploads\/2021\/02\/IMG_5246-768x561.jpg 768w, https:\/\/ingelabostrom.se\/wp-content\/uploads\/2021\/02\/IMG_5246.jpg 1242w\" sizes=\"(max-width: 1024px) 100vw, 1024px\" \/><\/figure>\n\n\n\n<p><\/p>\n","protected":false},"excerpt":{"rendered":"<div class=\"entry-summary\">\nK\u00e4nner du att du sitter fast? Du vet inte vad du ska g\u00f6ra, allt du f\u00f6rs\u00f6ker med s\u00e5 \u00e4r det som att n\u00e5n h\u00e5ller dig tillbaka. Du vill ha mer frihet, b\u00e4ttre relationer, b\u00e4ttre ekonomi, b\u00e4ttre h\u00e4lsa men det k\u00e4nns&hellip;\n<\/div>\n<div class=\"link-more\"><a href=\"https:\/\/ingelabostrom.se\/?page_id=103\" class=\"more-link\">Continue reading<span class=\"screen-reader-text\"> &ldquo;In Mind&rdquo;<\/span>&hellip;<\/a><\/div>\n","protected":false},"author":1,"featured_media":0,"parent":0,"menu_order":0,"comment_status":"closed","ping_status":"closed","template":"","meta":{"footnotes":""},"_links":{"self":[{"href":"https:\/\/ingelabostrom.se\/index.php?rest_route=\/wp\/v2\/pages\/103"}],"collection":[{"href":"https:\/\/ingelabostrom.se\/index.php?rest_route=\/wp\/v2\/pages"}],"about":[{"href":"https:\/\/ingelabostrom.se\/index.php?rest_route=\/wp\/v2\/types\/page"}],"author":[{"embeddable":true,"href":"https:\/\/ingelabostrom.se\/index.php?rest_route=\/wp\/v2\/users\/1"}],"replies":[{"embeddable":true,"href":"https:\/\/ingelabostrom.se\/index.php?rest_route=%2Fwp%2Fv2%2Fcomments&post=103"}],"version-history":[{"count":9,"href":"https:\/\/ingelabostrom.se\/index.php?rest_route=\/wp\/v2\/pages\/103\/revisions"}],"predecessor-version":[{"id":1047,"href":"https:\/\/ingelabostrom.se\/index.php?rest_route=\/wp\/v2\/pages\/103\/revisions\/1047"}],"wp:attachment":[{"href":"https:\/\/ingelabostrom.se\/index.php?rest_route=%2Fwp%2Fv2%2Fmedia&parent=103"}],"curies":[{"name":"wp","href":"https:\/\/api.w.org\/{rel}","templated":true}]}}