{"id":1006,"date":"2025-01-27T14:28:34","date_gmt":"2025-01-27T14:28:34","guid":{"rendered":"https:\/\/ingelabostrom.se\/?page_id=1006"},"modified":"2026-05-11T06:56:00","modified_gmt":"2026-05-11T06:56:00","slug":"vill-du-bli-diplomerad-lymfmassor-for-hast","status":"publish","type":"page","link":"https:\/\/ingelabostrom.se\/?page_id=1006","title":{"rendered":"Utbildning! Diplomerad H\u00e4stlymfmass\u00f6r!"},"content":{"rendered":"\n<p><\/p>\n\n\n\n<p><strong>KURS ONLINE START 28 MAJ 2026<\/strong>!  (priset h\u00f6js efter denna kursstart)              <br><br><strong>KURS I SKARPH\u00c4RAD 30 MAJ 2026! <\/strong>(Priset h\u00f6js efter denna kursstart)<br>5,5 MIL NORR OM UPPSALA KL 9:30 &#8211; 17:00<\/p>\n\n\n\n<p>Lymfmassage \u00e4r en behandling som hj\u00e4lper h\u00e4starna p\u00e5 s\u00e5 m\u00e5nga olika s\u00e4tt. Att hj\u00e4lpa lymfsystemets fl\u00f6de kan hj\u00e4lpa en h\u00e4st med sadeltv\u00e5ng, att sadeln ligger b\u00e4ttre n\u00e4r dep\u00e5er f\u00f6rsvinner som kl\u00e4mmer och \u00e4r \u00f6mt, reducera \u00e5terkommande mugg, underl\u00e4tta vid f\u00e5ng, f\u00e5 en piggare och gladare h\u00e4st med mer r\u00f6relsefrihet! Anledningarna \u00e4r m\u00e5nga och behovet \u00e4r stort.<\/p>\n\n\n\n<p>En h\u00e4st som har ett tr\u00f6gt lymfsystem kan bli stressad av att inte ha samma r\u00f6relsekapacitet d\u00e5 de \u00e4r flyktdjur, vissa visar stressen ut\u00e5t medan andra blir avst\u00e4ngda och mer apatiska.<\/p>\n\n\n\n<p>Den h\u00e4r kursen \u00e4r f\u00f6r dig som vill arbeta med lymfmassage p\u00e5 h\u00e4star hel eller deltid och som vill g\u00f6ra skillnad! (referenser finns l\u00e4ngst ner.)<\/p>\n\n\n\n<p>Du kan g\u00e5 denna utbildning och kombinera den med heltidsarbete.<\/p>\n\n\n\n<p><strong>KURSUPPL\u00c4GG ONLINE:<\/strong> <\/p>\n\n\n\n<p><strong>Kursen<\/strong> \u00e4r indelade i 5 moduler med \u00f6ver 35 lektioner, teori varvat med f\u00f6rinspelade videos, d\u00e4r du f\u00e5r l\u00e4ra dig steg f\u00f6r steg hur lymfsystemet fungerar och hur du g\u00f6r. Allt fr\u00e5n grepp, \u00f6ppna stationer till en hel behandling. Du f\u00e5r tillg\u00e5ng till allt material direkt vid kursstart. <\/p>\n\n\n\n<p><strong>Bonus:<\/strong> De 5 karakt\u00e4rerna enligt TCM! En fantastisk kunskap i m\u00f6tet med olika h\u00e4star som skapar mer f\u00f6rst\u00e5else. <\/p>\n\n\n\n<p><strong>Kursl\u00e4ngd:<\/strong> ca 6 m\u00e5nader<br><strong>Support:<\/strong> Jag finns till hands via sms och mejl under hela kursens g\u00e5ng.<br>Vi har zoom-m\u00f6te 1 g\u00e5ng\/m\u00e5n<\/p>\n\n\n\n<p><strong>M\u00e5nad 1:<\/strong> Teori och uppgifter p\u00e5 en \u00f6vningsh\u00e4st.<\/p>\n\n\n\n<p><strong>M\u00e5nad 2:<\/strong> Praktiska uppgifter f\u00f6r att tr\u00e4na in k\u00e4nslan i h\u00e4nderna.<\/p>\n\n\n\n<p><strong>M\u00e5nad 3-6:<\/strong> Elevbehandlingar p\u00e5 olika h\u00e4star<\/p>\n\n\n\n<p>Uppgifterna filmas och fotas och skickas in f\u00f6r att kvalitetss\u00e4kra utf\u00f6randet. Efter att alla uppgifter l\u00e4mnats in och ett samtal med mig erh\u00e5ller du ditt diplom.<\/p>\n\n\n\n<p><strong>Pris:<\/strong>  8800 kr. <br>Anm\u00e4lningsavgift: 1000 kr. Till Swish 123 29 33 455, Ingela Bostr\u00f6m<br>(Anm\u00e4lan \u00e4r bindande. Vid \u00e5terbud betalas ej anm\u00e4lningsavgiften tillbaka. Det g\u00e5r bra att \u00f6verl\u00e5ta din plats om du hittar n\u00e5gon ers\u00e4ttare. \u00c5terbetalning endast vid sjukintyg)<br><strong>F\u00f6r att anm\u00e4la dig<\/strong>, fyll i formul\u00e4ret nedan med namn, efternamn, adress, om du vill g\u00e5 online eller p\u00e5 plats, samt telefonnummer. (anv\u00e4nds endast om mejlen strular.)<\/p>\n\n\n\n<p>Har du inte f\u00e5tt svar inom ett dygn, kolla skr\u00e4pposten ifall mejlet hamnat d\u00e4r. F\u00f6r att s\u00e4kra svar, skicka ditt mobilnummer d\u00e5 flera mejl verkar ha uteblivit.<\/p>\n\n\n\n<p>H\u00e4r finns <a href=\"https:\/\/ingela.simplero.com\/page\/697432\">K\u00f6pvillkor<\/a><\/p>\n\n\n\n<div class=\"wp-block-contact-form-7-contact-form-selector\">\n<div class=\"wpcf7 no-js\" id=\"wpcf7-f955-o1\" lang=\"sv-SE\" dir=\"ltr\">\n<div class=\"screen-reader-response\"><p role=\"status\" aria-live=\"polite\" aria-atomic=\"true\"><\/p> <ul><\/ul><\/div>\n<form action=\"\/index.php?rest_route=%2Fwp%2Fv2%2Fpages%2F1006#wpcf7-f955-o1\" method=\"post\" class=\"wpcf7-form init\" aria-label=\"Kontaktformul\u00e4r\" novalidate=\"novalidate\" data-status=\"init\">\n<div style=\"display: none;\">\n<input type=\"hidden\" name=\"_wpcf7\" value=\"955\" \/>\n<input type=\"hidden\" name=\"_wpcf7_version\" value=\"5.9.8\" \/>\n<input type=\"hidden\" name=\"_wpcf7_locale\" value=\"sv_SE\" \/>\n<input type=\"hidden\" name=\"_wpcf7_unit_tag\" value=\"wpcf7-f955-o1\" \/>\n<input type=\"hidden\" name=\"_wpcf7_container_post\" value=\"0\" \/>\n<input type=\"hidden\" name=\"_wpcf7_posted_data_hash\" value=\"\" \/>\n<\/div>\n<p><label> Ditt namn<br \/>\n<span class=\"wpcf7-form-control-wrap\" data-name=\"your-name\"><input size=\"40\" maxlength=\"400\" class=\"wpcf7-form-control wpcf7-text wpcf7-validates-as-required\" autocomplete=\"name\" aria-required=\"true\" aria-invalid=\"false\" value=\"\" type=\"text\" name=\"your-name\" \/><\/span> <\/label>\n<\/p>\n<p><label> Din e-post<br \/>\n<span class=\"wpcf7-form-control-wrap\" data-name=\"your-email\"><input size=\"40\" maxlength=\"400\" class=\"wpcf7-form-control wpcf7-email wpcf7-validates-as-required wpcf7-text wpcf7-validates-as-email\" autocomplete=\"email\" aria-required=\"true\" aria-invalid=\"false\" value=\"\" type=\"email\" name=\"your-email\" \/><\/span> <\/label>\n<\/p>\n<p><label> \u00c4mne<br \/>\n<span class=\"wpcf7-form-control-wrap\" data-name=\"your-subject\"><input size=\"40\" maxlength=\"400\" class=\"wpcf7-form-control wpcf7-text wpcf7-validates-as-required\" aria-required=\"true\" aria-invalid=\"false\" value=\"\" type=\"text\" name=\"your-subject\" \/><\/span> <\/label>\n<\/p>\n<p><label> Ditt meddelande (valfritt)<br \/>\n<span class=\"wpcf7-form-control-wrap\" data-name=\"your-message\"><textarea cols=\"40\" rows=\"10\" maxlength=\"2000\" class=\"wpcf7-form-control wpcf7-textarea\" aria-invalid=\"false\" name=\"your-message\"><\/textarea><\/span> <\/label>\n<\/p>\n<p><input class=\"wpcf7-form-control wpcf7-submit has-spinner\" type=\"submit\" value=\"Skicka\" \/>\n<\/p>\n<p>Detta formul\u00e4r anv\u00e4nder Akismet f\u00f6r att minska skr\u00e4ppost. <a target=\"_blank\" rel=\"nofollow noopener\" href=\"https:\/\/akismet.com\/privacy\/\">L\u00e4r dig mer om hur dina data bearbetas.<\/a>\n<\/p><p style=\"display: none !important;\"><label>&#916;<textarea name=\"_wpcf7_ak_hp_textarea\" cols=\"45\" rows=\"8\" maxlength=\"100\"><\/textarea><\/label><input type=\"hidden\" id=\"ak_js_1\" name=\"_wpcf7_ak_js\" value=\"80\"\/><script>document.getElementById( \"ak_js_1\" ).setAttribute( \"value\", ( new Date() ).getTime() );<\/script><\/p><div class=\"wpcf7-response-output\" aria-hidden=\"true\"><\/div>\n<\/form>\n<\/div>\n<\/div>\n\n\n\n<p class=\"has-text-align-center\"><strong>KURS P\u00c5 PLATS i lymfmassage f\u00f6r h\u00e4st i Skarph\u00e4rad, 5.5 mil norr om Uppsala<\/strong>!<\/p>\n\n\n\n<p><strong>Kursuppl\u00e4gg:<\/strong><br>Vi varvar dagen med teori och praktik, d\u00e4r vi g\u00e5r igenom:<br>&#8211; Hur lymfsystemet fungerar <br>&#8211; F\u00e5r prova egenv\u00e5rd p\u00e5 dig sj\u00e4lv.<br>&#8211; L\u00e4ra dig k\u00e4nna igen n\u00e4r det stagnerat i kroppen och inte. <br>&#8211; N\u00e4r det \u00e4r f\u00f6rdel att lymfmassera och inte.<br>&#8211; M\u00f6tet med h\u00e4sten och \u00e4garen. <br>&#8211; Lymfmassagens grepp<br>&#8211; Hur du \u00f6ppnar lymfstationer och utf\u00f6r en hel behandling<br>&#8211; Att jobba som h\u00e4stlymfmass\u00f6r<br>&#8211; Vad som \u00e4r bra att t\u00e4nka p\u00e5, f\u00f6re och efter behandling och mycket mer.<\/p>\n\n\n\n<p>Efter kursdagen p\u00e5 plats f\u00e5r du uppgifter och elevbehandlingar som dokumenteras och skickas in f\u00f6r diplomering. Jag finns till hands under hela din praktik.<\/p>\n\n\n\n<p>Pris: 8800 kr <br>Anm\u00e4lningsavgift 1000kr till Swish 123 29 33 455. (Ingela Bostr\u00f6m)<br>(Anm\u00e4lan \u00e4r bindande, vid \u00e5terbud betalas ej anm\u00e4lningsavgiften tillbaka. Det g\u00e5r bra att \u00f6verl\u00e5ta din plats om du hittar en ers\u00e4ttare. \u00c5terbetalning endast vid sjukintyg.)<br><strong>F\u00f6r att anm\u00e4la dig, <\/strong>fyll i formul\u00e4ret nedan med namn, adress, telefonnummer (ifall mejlen strular) och vilken kurs du vill g\u00e5, p\u00e5 plats eller online. S\u00e4g till om du \u00f6nskar faktura om du har f\u00f6retag. <\/p>\n\n\n\n<p>Kolla g\u00e4rna skr\u00e4pposten om din bekr\u00e4ftelse hamnat d\u00e4r ifall du inte f\u00e5tt svar inom ett dygn. F\u00f6r att s\u00e4kra svar, skicka ditt mobilnummer d\u00e5 flera mejlsvar verkar ha uteblivit.<\/p>\n\n\n\n<p>H\u00e4r finns <a href=\"https:\/\/ingela.simplero.com\/page\/697432\">K\u00f6pvillkor <\/a><\/p>\n\n\n\n<div class=\"wp-block-contact-form-7-contact-form-selector\">\n<div class=\"wpcf7 no-js\" id=\"wpcf7-f955-o2\" lang=\"sv-SE\" dir=\"ltr\">\n<div class=\"screen-reader-response\"><p role=\"status\" aria-live=\"polite\" aria-atomic=\"true\"><\/p> <ul><\/ul><\/div>\n<form action=\"\/index.php?rest_route=%2Fwp%2Fv2%2Fpages%2F1006#wpcf7-f955-o2\" method=\"post\" class=\"wpcf7-form init\" aria-label=\"Kontaktformul\u00e4r\" novalidate=\"novalidate\" data-status=\"init\">\n<div style=\"display: none;\">\n<input type=\"hidden\" name=\"_wpcf7\" value=\"955\" \/>\n<input type=\"hidden\" name=\"_wpcf7_version\" value=\"5.9.8\" \/>\n<input type=\"hidden\" name=\"_wpcf7_locale\" value=\"sv_SE\" \/>\n<input type=\"hidden\" name=\"_wpcf7_unit_tag\" value=\"wpcf7-f955-o2\" \/>\n<input type=\"hidden\" name=\"_wpcf7_container_post\" value=\"0\" \/>\n<input type=\"hidden\" name=\"_wpcf7_posted_data_hash\" value=\"\" \/>\n<\/div>\n<p><label> Ditt namn<br \/>\n<span class=\"wpcf7-form-control-wrap\" data-name=\"your-name\"><input size=\"40\" maxlength=\"400\" class=\"wpcf7-form-control wpcf7-text wpcf7-validates-as-required\" autocomplete=\"name\" aria-required=\"true\" aria-invalid=\"false\" value=\"\" type=\"text\" name=\"your-name\" \/><\/span> <\/label>\n<\/p>\n<p><label> Din e-post<br \/>\n<span class=\"wpcf7-form-control-wrap\" data-name=\"your-email\"><input size=\"40\" maxlength=\"400\" class=\"wpcf7-form-control wpcf7-email wpcf7-validates-as-required wpcf7-text wpcf7-validates-as-email\" autocomplete=\"email\" aria-required=\"true\" aria-invalid=\"false\" value=\"\" type=\"email\" name=\"your-email\" \/><\/span> <\/label>\n<\/p>\n<p><label> \u00c4mne<br \/>\n<span class=\"wpcf7-form-control-wrap\" data-name=\"your-subject\"><input size=\"40\" maxlength=\"400\" class=\"wpcf7-form-control wpcf7-text wpcf7-validates-as-required\" aria-required=\"true\" aria-invalid=\"false\" value=\"\" type=\"text\" name=\"your-subject\" \/><\/span> <\/label>\n<\/p>\n<p><label> Ditt meddelande (valfritt)<br \/>\n<span class=\"wpcf7-form-control-wrap\" data-name=\"your-message\"><textarea cols=\"40\" rows=\"10\" maxlength=\"2000\" class=\"wpcf7-form-control wpcf7-textarea\" aria-invalid=\"false\" name=\"your-message\"><\/textarea><\/span> <\/label>\n<\/p>\n<p><input class=\"wpcf7-form-control wpcf7-submit has-spinner\" type=\"submit\" value=\"Skicka\" \/>\n<\/p>\n<p>Detta formul\u00e4r anv\u00e4nder Akismet f\u00f6r att minska skr\u00e4ppost. <a target=\"_blank\" rel=\"nofollow noopener\" href=\"https:\/\/akismet.com\/privacy\/\">L\u00e4r dig mer om hur dina data bearbetas.<\/a>\n<\/p><p style=\"display: none !important;\"><label>&#916;<textarea name=\"_wpcf7_ak_hp_textarea\" cols=\"45\" rows=\"8\" maxlength=\"100\"><\/textarea><\/label><input type=\"hidden\" id=\"ak_js_2\" name=\"_wpcf7_ak_js\" value=\"120\"\/><script>document.getElementById( \"ak_js_2\" ).setAttribute( \"value\", ( new Date() ).getTime() );<\/script><\/p><div class=\"wpcf7-response-output\" aria-hidden=\"true\"><\/div>\n<\/form>\n<\/div>\n<\/div>\n\n\n\n<p class=\"has-text-align-center\"><strong>REFERENSER<\/strong><\/p>\n\n\n\n<div class=\"wp-block-columns\">\n<div class=\"wp-block-column\">\n<p><strong>Karolina Thunstr\u00f6m<\/strong><br>&#8211; Utbildning online<\/p>\n\n\n\n<p>Om du funderar p\u00e5 att g\u00e5 utbildningen till Dipl. H\u00e4stlymfmass\u00f6r s\u00e5 kan jag verkligen rekommendera den!<\/p>\n\n\n\n<p>Jag \u00e4r s\u00e5 n\u00f6jd och har f\u00e5tt med mig b\u00e5de kunskap, trygghet och inspiration. Ingela \u00e4r en fantastisk l\u00e4rare- hon svarade alltid p\u00e5 mina fr\u00e5gor under utbildningen och peppade och finns fortfarande kvar som st\u00f6d \u00e4ven efter att jag \u00e4r klar. Det \u00e4r en stor trygghet att ha n\u00e5gon som jobbat med detta l\u00e4ngre \u00e4n en sj\u00e4lv att kunna forts\u00e4tta bolla saker med.<\/p>\n\n\n\n<p>Det var ocks\u00e5 sk\u00f6nt att kunna l\u00e4gga upp utbildningen efter mitt egna tempo. Jag hade f\u00f6rst en oro att jag inte skulle hitta k\u00e4nslan eftersom den \u00e4r online, men det visade sig vara en styrka. Man f\u00e5r chans att \u00f6va i sin egen takt och verkligen l\u00e5ta tekniken s\u00e4tta sig i h\u00e4nderna. S\u00e5 l\u00e4nge man har ett eget driv och starkt intresse s\u00e5 kommer det naturligt. Mitt tips \u00e4r att l\u00e4gga ner extra mycket tid p\u00e5 olika h\u00e4star- det g\u00f6r en enorm skillnad.<\/p>\n\n\n\n<p>Materialet \u00e4r ocks\u00e5 j\u00e4ttebra och n\u00e5got jag ofta g\u00e5r tillbaka till n\u00e4r jag vill repetera eller f\u00f6rdjupa mig. Allt sammantaget k\u00e4nns utbildningen b\u00e5de professionell och v\u00e4ldigt hj\u00e4rtlig. Jag \u00e4r s\u00e5 glad att jag tog steget och utbildade mig till H\u00e4stlymfmass\u00f6r, det \u00e4r s\u00e5 roligt och mysigt och jag slutar nog aldrig att f\u00f6rv\u00e5nas \u00f6ver effekterna!<\/p>\n\n\n\n<p><strong>Johanna Widell<\/strong><br><strong>Mustang Saddlery<\/strong><br>&#8211; Utbildningsdag<\/p>\n\n\n\n<p>Vi p\u00e5 Mustang Saddlery bokade Ingela till en personaldag f\u00f6r kompetensutveckling. I v\u00e5rt yrke med sadelutprovning ser vi ibland problem efter d\u00e5ligt passande sadlar och konsekvensen av det p\u00e5 lymfsystemet.<\/p>\n\n\n\n<p>Ingela planerade en h\u00e4rlig dag f\u00f6r oss och blandade teori och praktik. Vi fick alla individuell coachning efter med Ingela och kunde ocks\u00e5 samtala tillsammans om v\u00e5ra h\u00e4stars olika behov och utveckling.<\/p>\n\n\n\n<p>Jag vill tipsa personal som jobbar med h\u00e4star att g\u00e5 en kurs tillsammans som b\u00e5de bygger kompetens och gemenskap s\u00e5v\u00e4l f\u00f6rst\u00e5else och relation till h\u00e4sten.<\/p>\n<\/div>\n\n\n\n<div class=\"wp-block-column\">\n<p><strong>Sandra-Adelina<\/strong> <strong>Olofsson<\/strong><br>&#8211; Utbildning p\u00e5 plats<\/p>\n\n\n\n<p>Jag tycker kursen var bra. Bra med h\u00e4ftet vi fick p\u00e5 kursdagen och qr-koderna s\u00e5 man kan g\u00e5 tillbaka och se filmerna om igen n\u00e4r man vill.<\/p>\n\n\n\n<p>Jag tycker att Ingela som l\u00e4rare \u00e4r pedagogisk och kunnig. Hon f\u00f6rmedlar ett lugn och h\u00e4rlig harmoni som inger precis r\u00e4tt feeling f\u00f6r lymfmassage.<\/p>\n\n\n\n<p>Jag \u00e4r j\u00e4tteglad att jag tog den h\u00e4r kursen, f\u00f6r mig k\u00e4nns den helt r\u00e4tt med praktik p\u00e5 plats och sen hem och \u00f6va p\u00e5 h\u00e4starna.<\/p>\n\n\n\n<p>J\u00e4ttebra med snabb och tydlig feedback n\u00e4r jag haft n\u00e5gra fr\u00e5gor.<\/p>\n\n\n\n<p>Tack f\u00f6r en toppenkurs!<\/p>\n\n\n\n<p><strong>Mathilda Wahlgren<\/strong><br>&#8211; Utbildning p\u00e5 plats<\/p>\n\n\n\n<p>Jag b\u00f6rjade s\u00f6ka p\u00e5 n\u00e4tet efter lymfmassagekurs d\u00e5 jag fick hem min gamla shettis som hade enorm fettnacke och b\u00f6rjade d\u00e5 s\u00f6ka p\u00e5 hur man kunde jobba bort den. Fick d\u00e5 upp ordet lymfmassage och b\u00f6rjade l\u00e4sa och t\u00e4nkte att detta \u00e4r n\u00e5got jag vill l\u00e4gga p\u00e5 i min utbildning d\u00e5 jag \u00e4ven l\u00e4ser till h\u00e4stmass\u00f6r och fasciaterapeut.<\/p>\n\n\n\n<p>Fick upp lite olika f\u00f6rslag men Ingela var den som svarade p\u00e5 mina mejl och alla mina fr\u00e5gor med s\u00e5n v\u00e4rme. K\u00e4nde att hon verkligen pratade med mig som en person och inte bara n\u00e5n som ville anm\u00e4la sig till en onlinekurs.<\/p>\n\n\n\n<p>Jag best\u00e4mde mig d\u00e5 att hos Ingela ska jag g\u00e5 den h\u00e4r kursen.<\/p>\n\n\n\n<p>En dag p\u00e5 plats och resten p\u00e5 distans och det var ett s\u00e5 bra val! Under hela vistelsen k\u00e4nde jag mig omh\u00e4ndertagen och sedd. En toppendag hade jag och \u00e4ven fast jag hade en bit att \u00e5ka var det helt klart v\u00e4rt att \u00e5ka dit och tr\u00e4ffa Ingela och h\u00e4starna.<\/p>\n\n\n\n<p>Bra uppl\u00e4gg p\u00e5 kursen och dess inneh\u00e5ll. det var enkelt att f\u00f6rst\u00e5 och pedagogiskt. Speciellt f\u00f6r mig som kan tycka det \u00e4r mycket info att f\u00e5 in. Uppl\u00e4gget var toppen d\u00e5 jag fick med mig all kunskap hem (videos) och kunde starta med lymfbehandlingar redan dagen efter.<\/p>\n\n\n\n<p>Efter har hon varit med och svarat n\u00e4r jag haft fr\u00e5gor och \u00e4ven n\u00e4r jag varit p\u00e5 v\u00e4g till en h\u00e4st med f\u00e5ng s\u00e5 svarade hon direkt och ringde upp och v\u00e4gledde mig j\u00e4ttebra!<\/p>\n\n\n\n<p>Kan varmt rekommendera denna kurs!<\/p>\n<\/div>\n\n\n\n<div class=\"wp-block-column\">\n<p><strong>Emma Johansson<\/strong><br>&#8211; Utbildning online<\/p>\n\n\n\n<p>Vilken bra kurs det varit. V\u00e4ldigt l\u00e4tt att l\u00e4sa och tydliga instruktioner hur man skulle g\u00e5 tillv\u00e4ga. Jag som har dyslexi tyckte materialet var l\u00e4tt att utl\u00e4sa. <\/p>\n\n\n\n<p>Ingela har varit en underbar l\u00e4rare och svarat n\u00e4r man beh\u00f6ver henne.<\/p>\n\n\n\n<p>Kan verkligen rekommendera att g\u00e5 denna kurs. F\u00f6rst gick jag f\u00f6r hemmabruk och sen djupg\u00e5ende till Diplomerad H\u00e4stlymfmass\u00f6r.<\/p>\n\n\n\n<p>Tusen Tack igen!<\/p>\n\n\n\n<p><\/p>\n\n\n\n<p><\/p>\n\n\n\n<p><strong>Susan Hermansson<\/strong><br>&#8211; Utbildning p\u00e5 plats<\/p>\n\n\n\n<p>Jag letade lymfmassagekurs d\u00e5 min egen h\u00e4st var i akut behov av hj\u00e4lp. Det fanns n\u00e5gra att v\u00e4lja p\u00e5, men valet var enkelt, kurs hos Ingela skulle det bli helt enkelt.<\/p>\n\n\n\n<p>P\u00e5 plats blev vi v\u00e4l omh\u00e4ndertagna som att bes\u00f6ka en fantastisk familj.<\/p>\n\n\n\n<p>Kursens uppl\u00e4gg med teori f\u00f6rst och praktik sedan var toppen. Vi l\u00e4rde oss massor och \u00e4ven om det var mycket att ta in s\u00e5 fick vi ett kompendium med oss hem som var ett fantastiskt st\u00f6d. <\/p>\n\n\n\n<p>Vi fick \u00e4ven filmer att kunna kika p\u00e5 efter hemkomst. Mycket bra som man kunde kika och g\u00e5 tillbaka till.<\/p>\n\n\n\n<p>Under tiden vi var ute och &#8221;\u00f6vningk\u00f6rde&#8221; p\u00e5 v\u00e5ra elevh\u00e4star s\u00e5 fanns Ingela bara ett samtal eller meddelande bort. Man k\u00e4nde hela tiden att man hade st\u00f6det, vid fr\u00e5gor, funderingar eller bara att bolla lite.<\/p>\n\n\n\n<p>Inte bara om sj\u00e4lva lymfmassagen utan \u00e4ven hur man bem\u00f6ter m\u00e4nniskorna p\u00e5 plats.<\/p>\n\n\n\n<p>Vi vill kunna hj\u00e4lpa alla h\u00e4star vi m\u00f6ter p\u00e5 ett eller annat s\u00e4tt. Ingela kunde \u00e4ven st\u00f6tta d\u00e4r s\u00e5 man kund landa i att alla kommer vi inte kunna hj\u00e4lpa (\u00e4garen kunde inte boka fler behandlingar), men ha tron p\u00e5 att det blir bra f\u00f6r dem \u00e4nd\u00e5. (Ingelas ord)<\/p>\n\n\n\n<p>Rekommenderar starkt att g\u00e5 kurs hos Ingela.<\/p>\n<\/div>\n<\/div>\n","protected":false},"excerpt":{"rendered":"<div class=\"entry-summary\">\nKURS ONLINE START 28 MAJ 2026! (priset h\u00f6js efter denna kursstart) KURS I SKARPH\u00c4RAD 30 MAJ 2026! (Priset h\u00f6js efter denna kursstart)5,5 MIL NORR OM UPPSALA KL 9:30 &#8211; 17:00 Lymfmassage \u00e4r en behandling som hj\u00e4lper h\u00e4starna p\u00e5 s\u00e5 m\u00e5nga&hellip;\n<\/div>\n<div class=\"link-more\"><a href=\"https:\/\/ingelabostrom.se\/?page_id=1006\" class=\"more-link\">Continue reading<span class=\"screen-reader-text\"> &ldquo;Utbildning! Diplomerad H\u00e4stlymfmass\u00f6r!&rdquo;<\/span>&hellip;<\/a><\/div>\n","protected":false},"author":1,"featured_media":0,"parent":0,"menu_order":0,"comment_status":"closed","ping_status":"closed","template":"","meta":{"footnotes":""},"_links":{"self":[{"href":"https:\/\/ingelabostrom.se\/index.php?rest_route=\/wp\/v2\/pages\/1006"}],"collection":[{"href":"https:\/\/ingelabostrom.se\/index.php?rest_route=\/wp\/v2\/pages"}],"about":[{"href":"https:\/\/ingelabostrom.se\/index.php?rest_route=\/wp\/v2\/types\/page"}],"author":[{"embeddable":true,"href":"https:\/\/ingelabostrom.se\/index.php?rest_route=\/wp\/v2\/users\/1"}],"replies":[{"embeddable":true,"href":"https:\/\/ingelabostrom.se\/index.php?rest_route=%2Fwp%2Fv2%2Fcomments&post=1006"}],"version-history":[{"count":29,"href":"https:\/\/ingelabostrom.se\/index.php?rest_route=\/wp\/v2\/pages\/1006\/revisions"}],"predecessor-version":[{"id":1352,"href":"https:\/\/ingelabostrom.se\/index.php?rest_route=\/wp\/v2\/pages\/1006\/revisions\/1352"}],"wp:attachment":[{"href":"https:\/\/ingelabostrom.se\/index.php?rest_route=%2Fwp%2Fv2%2Fmedia&parent=1006"}],"curies":[{"name":"wp","href":"https:\/\/api.w.org\/{rel}","templated":true}]}}